{"id":9695,"date":"2010-12-09T16:24:30","date_gmt":"2010-12-09T15:24:30","guid":{"rendered":"https:\/\/www.tuning-pc.com\/produit\/antec-hcg520-gamer-520w-p-4886-2\/"},"modified":"2018-08-10T14:18:52","modified_gmt":"2018-08-10T12:18:52","slug":"antec-hcg520-gamer-520w-p-4886-2","status":"publish","type":"product","link":"https:\/\/www.tuning-pc.com\/en\/produit\/composants-pc\/alimentations-composants-pc\/antec-hcg520-gamer-520w-p-4886-2\/","title":{"rendered":"Antec HCG-520 Gamer PSU 520W"},"content":{"rendered":"<p><!--?xml version=\"1.0\" encoding=\"utf-8\"?--><br \/>\n# 520W Continuous Power<br \/>\n# Certifi\u00e9 80 PLUS\u00ae Bronze certified &#8211; jusqu&#8217;\u00e0 88 % d\u2019efficacit\u00e9<br \/>\n# Protection Totale High Current sur le rail +12V avec d\u2019haute charge qui assure une grande compatibilit\u00e9 de cartes graphiques<br \/>\n# Ventilateur de refroidissement silencieux de 135 mm avec double roulement \u00e0 billes<br \/>\n# Condensateurs de marque japonaise uniquement pour plus de fiabilit\u00e9<br \/>\n# Bornes High Current plaqu\u00e9es or pour une conductivit\u00e9 optimate<br \/>\n# Conforme \u00e0 la version 2,3 d&#8217;ATX 12V et la version 2,91 d&#8217;EPS 12V<br \/>\n# Suite compl\u00e8te de protection de niveau industriel:<br \/>\n&#8211; Protection contre les surintensit\u00e9s (OCP)<br \/>\n&#8211; Protection contre les surtensions (OVP)<br \/>\n&#8211; Protection par court-circuit (SCP)<br \/>\n&#8211; Protection contre les surtensions (OPP)<br \/>\n# Entr\u00e9e universelle &#8211; fonctionne sur n&#8217;importe quel r\u00e9seau 100V &#8211; 240V<br \/>\n# PFC actif avec un PF: 0,99 &#8211; moins de pollution Harmonique et plus d&#8217;\u00e9conomies sur les factures d&#8217;\u00e9lectricit\u00e9 de l&#8217;entreprise<br \/>\n# Moyenne des temps de bon fonctionnement: 100 000 heures<br \/>\n# Respecte les exigences 2010 EuP: 5Vsb < 1W\n# Homologations de s\u00e9curit\u00e9: cUL, T\u00dcV, CE, CB, FCC, C-TICK, CCC, BSMI, Gost-R\n# Dimensions\n- 86mm (H) x 150mm (L) x 160mm (P)\n- 3,39\" (H) x 5,91\" (L) x 6,3\" (P)\n# Dimension du coffret\n- 115mm (H) x 273mm (L) x 181mm (P)\n- 4,5\" (H) x 10,9\" (L) x 7,1\" (P)\n# Poids\n- Net : 4,6 lbs \/ 2,1 kg\n- Brut : 5,9 lbs \/ 2,7 kg\n<\/p>\n","protected":false},"excerpt":{"rendered":"<p># 520W Continuous Power # Certifi\u00e9 80 PLUS\u00ae Bronze certified &#8211; jusqu&#8217;\u00e0 88 % d\u2019efficacit\u00e9 # Protection Totale High Current sur le rail +12V avec d\u2019haute charge qui assure une grande compatibilit\u00e9 de cartes graphiques # Ventilateur de refroidissement silencieux<a class=\"main-btn main-btn-primary main-btn-small moretag\" href=\"https:\/\/www.tuning-pc.com\/en\/produit\/composants-pc\/alimentations-composants-pc\/antec-hcg520-gamer-520w-p-4886-2\/\"> Read More<\/a><\/p>\n","protected":false},"featured_media":9692,"template":"","meta":[],"product_cat":[64],"product_tag":[2583],"brands":[],"_links":{"self":[{"href":"https:\/\/www.tuning-pc.com\/en\/wp-json\/wp\/v2\/product\/9695"}],"collection":[{"href":"https:\/\/www.tuning-pc.com\/en\/wp-json\/wp\/v2\/product"}],"about":[{"href":"https:\/\/www.tuning-pc.com\/en\/wp-json\/wp\/v2\/types\/product"}],"wp:featuredmedia":[{"embeddable":true,"href":"https:\/\/www.tuning-pc.com\/en\/wp-json\/wp\/v2\/media\/9692"}],"wp:attachment":[{"href":"https:\/\/www.tuning-pc.com\/en\/wp-json\/wp\/v2\/media?parent=9695"}],"wp:term":[{"taxonomy":"product_cat","embeddable":true,"href":"https:\/\/www.tuning-pc.com\/en\/wp-json\/wp\/v2\/product_cat?post=9695"},{"taxonomy":"product_tag","embeddable":true,"href":"https:\/\/www.tuning-pc.com\/en\/wp-json\/wp\/v2\/product_tag?post=9695"}],"curies":[{"name":"wp","href":"https:\/\/api.w.org\/{rel}","templated":true}]}}