{"id":8825,"date":"2010-06-09T17:19:09","date_gmt":"2010-06-09T15:19:09","guid":{"rendered":"https:\/\/www.tuning-pc.com\/produit\/advance-ultrafoto-13mp-leds-webcam-p-4548-3\/"},"modified":"2018-08-10T16:08:52","modified_gmt":"2018-08-10T14:08:52","slug":"advance-ultrafoto-13mp-leds-webcam-p-4548-3","status":"publish","type":"product","link":"https:\/\/www.tuning-pc.com\/en\/produit\/peripheriques\/peripheriques-webcam\/advance-ultrafoto-13mp-leds-webcam-p-4548-3\/","title":{"rendered":"Advance UltraFoto 1.3MP Mic 6 Leds Webcam"},"content":{"rendered":"<p><!--?xml version=\"1.0\" encoding=\"utf-8\"?--><\/p>\n<p>Le ch\u00e2ssis m\u00e9tallique brillant lui donne un aspect hors du commun<br \/>\n6 diodes int\u00e9gr\u00e9es s&#8217;allumant en cas de faible luminosit\u00e9<br \/>\nBouton photo int\u00e9gr\u00e9: utiliser la webcam comme un simple APN<br \/>\nFonction microphone: avec votre voix int\u00e9gr\u00e9e, vos vid\u00e9os sont plus sensationnelles<br \/>\nTaille r\u00e9duit au strict minimum pour un gain d&#8217;espace vid\u00e9o en 640&#215;480<br \/>\nBase sp\u00e9cialement con\u00e7ue pour \u00eatre pos\u00e9e sur un bureau ou bien clips\u00e9e sur un \u00e9cran plat ou un ordinateur portable<br \/>\nLa qualit\u00e9 d\u2019images est impressionnante : il peut atteindre jusqu\u2019\u00e0 1.3 M\u00e9ga pixels, la r\u00e9solution VGA est de 1280&#215;960<br \/>\nCompatible USB 2.0 et 1.1 fluidit\u00e9<br \/>\nR\u00e9solution jusqu&#8217;\u00e0 30 images par seconde pour une meilleure fluidit\u00e9<br \/>\nRotation horizontale de 360\u00b0, rotation verticale de 120\u00b0<\/p>\n<p>&nbsp;<\/p>\n<p>&nbsp;<\/p>\n","protected":false},"excerpt":{"rendered":"<p>Le ch\u00e2ssis m\u00e9tallique brillant lui donne un aspect hors du commun 6 diodes int\u00e9gr\u00e9es s&#8217;allumant en cas de faible luminosit\u00e9 Bouton photo int\u00e9gr\u00e9: utiliser la webcam comme un simple APN Fonction microphone: avec votre voix int\u00e9gr\u00e9e, vos vid\u00e9os sont plus<a class=\"main-btn main-btn-primary main-btn-small moretag\" href=\"https:\/\/www.tuning-pc.com\/en\/produit\/peripheriques\/peripheriques-webcam\/advance-ultrafoto-13mp-leds-webcam-p-4548-3\/\"> Read More<\/a><\/p>\n","protected":false},"featured_media":8811,"template":"","meta":[],"product_cat":[66],"product_tag":[2384],"brands":[],"_links":{"self":[{"href":"https:\/\/www.tuning-pc.com\/en\/wp-json\/wp\/v2\/product\/8825"}],"collection":[{"href":"https:\/\/www.tuning-pc.com\/en\/wp-json\/wp\/v2\/product"}],"about":[{"href":"https:\/\/www.tuning-pc.com\/en\/wp-json\/wp\/v2\/types\/product"}],"wp:featuredmedia":[{"embeddable":true,"href":"https:\/\/www.tuning-pc.com\/en\/wp-json\/wp\/v2\/media\/8811"}],"wp:attachment":[{"href":"https:\/\/www.tuning-pc.com\/en\/wp-json\/wp\/v2\/media?parent=8825"}],"wp:term":[{"taxonomy":"product_cat","embeddable":true,"href":"https:\/\/www.tuning-pc.com\/en\/wp-json\/wp\/v2\/product_cat?post=8825"},{"taxonomy":"product_tag","embeddable":true,"href":"https:\/\/www.tuning-pc.com\/en\/wp-json\/wp\/v2\/product_tag?post=8825"}],"curies":[{"name":"wp","href":"https:\/\/api.w.org\/{rel}","templated":true}]}}