{"id":8534,"date":"2010-05-04T10:24:54","date_gmt":"2010-05-04T08:24:54","guid":{"rendered":"https:\/\/www.tuning-pc.com\/produit\/souris-telephonne-skype-voip-p-4462\/"},"modified":"2018-08-11T15:55:06","modified_gmt":"2018-08-11T13:55:06","slug":"souris-telephonne-skype-voip-p-4462","status":"publish","type":"product","link":"https:\/\/www.tuning-pc.com\/en\/produit\/geeking\/souris-telephonne-skype-voip-p-4462\/","title":{"rendered":"Souris USB \/ Telephonne Skype VoIP"},"content":{"rendered":"<p><!--?xml version=\"1.0\" encoding=\"utf-8\"?--><br \/>\n\u00c9viter l&#8217;abondance d&#8217;appareils connect\u00e9s sur votre PC est possible avec cette souris USB t\u00e9l\u00e9phone VoIP.<\/p>\n","protected":false},"excerpt":{"rendered":"<p>\u00c9viter l&#8217;abondance d&#8217;appareils connect\u00e9s sur votre PC est possible avec cette souris USB t\u00e9l\u00e9phone VoIP.<\/p>\n","protected":false},"featured_media":8531,"template":"","meta":[],"product_cat":[30],"product_tag":[2324],"brands":[],"_links":{"self":[{"href":"https:\/\/www.tuning-pc.com\/en\/wp-json\/wp\/v2\/product\/8534"}],"collection":[{"href":"https:\/\/www.tuning-pc.com\/en\/wp-json\/wp\/v2\/product"}],"about":[{"href":"https:\/\/www.tuning-pc.com\/en\/wp-json\/wp\/v2\/types\/product"}],"wp:featuredmedia":[{"embeddable":true,"href":"https:\/\/www.tuning-pc.com\/en\/wp-json\/wp\/v2\/media\/8531"}],"wp:attachment":[{"href":"https:\/\/www.tuning-pc.com\/en\/wp-json\/wp\/v2\/media?parent=8534"}],"wp:term":[{"taxonomy":"product_cat","embeddable":true,"href":"https:\/\/www.tuning-pc.com\/en\/wp-json\/wp\/v2\/product_cat?post=8534"},{"taxonomy":"product_tag","embeddable":true,"href":"https:\/\/www.tuning-pc.com\/en\/wp-json\/wp\/v2\/product_tag?post=8534"}],"curies":[{"name":"wp","href":"https:\/\/api.w.org\/{rel}","templated":true}]}}