{"id":8460,"date":"2010-05-01T15:20:00","date_gmt":"2010-05-01T13:20:00","guid":{"rendered":"https:\/\/www.tuning-pc.com\/produit\/appareil-photo-digital-s318-rouge-p-4437\/"},"modified":"2018-08-10T16:12:31","modified_gmt":"2018-08-10T14:12:31","slug":"appareil-photo-digital-s318-rouge-p-4437","status":"publish","type":"product","link":"https:\/\/www.tuning-pc.com\/en\/produit\/peripheriques\/multimedia\/appareil-photo-digital-s318-rouge-p-4437\/","title":{"rendered":"Appareil photo Digital S318 3 MP Rouge"},"content":{"rendered":"<p><!--?xml version=\"1.0\" encoding=\"utf-8\"?--><\/p>\n<p>Cet appareil photo design et color\u00e9 est tr\u00e8s simple d&#8217;utilisation et vendu \u00e0 un prix tr\u00e8s int\u00e9ressant.<br \/>\nVous pourrez m\u00eame utiliser cet appareil comme webcam.<br \/>\nLa bo\u00eete est tr\u00e8s compl\u00e8te puisqu&#8217;elle comprend les piles, le c\u00e2ble USB, une sacoche,&#8230;<\/p>\n<p>Enfin, son prix est vraiment imbattable.<\/p>\n<p>Senseur: 3MP CMOS<br \/>\nR\u00e9solution max.: 12MP par interpolation<br \/>\nR\u00e9solution image: 3M 2048&#215;1536 \/ 5M 2560&#215;1920 \/ 11M 3840&#215;2880<br \/>\nM\u00e9moire: Interne 16MB Flash RAM, et externe par une carte SD de max. 2GB<br \/>\nObjectif: F 2,8 \/ f = 8,5 mm<br \/>\nDistances de mise au point: 0.5m jusqu\u00b4\u00e0 l\u00b4infini, Macro: 11cm~18cm<br \/>\nZoom num\u00e9rique: 8x<br \/>\nEcran: 1,5 TFT LCD<br \/>\nBalance des blancs: Automatique\/ Lumi\u00e8re du jour \/ Nuageux \/<br \/>\nFluorescent \/ Tungst\u00e8ne<br \/>\nFlash: On \/ Off \/ Auto<br \/>\nD\u00e9clencheur automatique: 2s \/ 10s \/ 10+2s<\/p>\n<p>Format fichier image: JPEG,<br \/>\nVideo: AVI,<br \/>\nTon: WAV<\/p>\n<p>Mode Vid\u00e9o: <a href=\"mailto:30fps@QVGA\">30fps@QVGA<\/a> &#038; <a href=\"mailto:20fps@VGA\">20fps@VGA<\/a> avec le son<br \/>\nWebCam: Ja<br \/>\nConnection PC: USB 1.1<br \/>\nSortie TV: NTSC \/ PAL<br \/>\nPiles: 2 x AAA 1.5V Alcaline<br \/>\nMenu: Langues des menus : Anglais, Francais, Allemand, Italien, Espagnol, Portugais, chinois<br \/>\nConditions de syst\u00e8me: Window Vista\/XP\/2000\/ME\/98SE<br \/>\nMac 9.x ou plus<br \/>\nDimensions: 88.9 x 60.7 x 26.4 mm<br \/>\nPoids: 80g<\/p>\n<p>&nbsp;<\/p>\n","protected":false},"excerpt":{"rendered":"<p>Cet appareil photo design et color\u00e9 est tr\u00e8s simple d&#8217;utilisation et vendu \u00e0 un prix tr\u00e8s int\u00e9ressant. Vous pourrez m\u00eame utiliser cet appareil comme webcam. La bo\u00eete est tr\u00e8s compl\u00e8te puisqu&#8217;elle comprend les piles, le c\u00e2ble USB, une sacoche,&#8230; Enfin,<a class=\"main-btn main-btn-primary main-btn-small moretag\" href=\"https:\/\/www.tuning-pc.com\/en\/produit\/peripheriques\/multimedia\/appareil-photo-digital-s318-rouge-p-4437\/\"> Read More<\/a><\/p>\n","protected":false},"featured_media":8458,"template":"","meta":[],"product_cat":[69],"product_tag":[2301],"brands":[],"_links":{"self":[{"href":"https:\/\/www.tuning-pc.com\/en\/wp-json\/wp\/v2\/product\/8460"}],"collection":[{"href":"https:\/\/www.tuning-pc.com\/en\/wp-json\/wp\/v2\/product"}],"about":[{"href":"https:\/\/www.tuning-pc.com\/en\/wp-json\/wp\/v2\/types\/product"}],"wp:featuredmedia":[{"embeddable":true,"href":"https:\/\/www.tuning-pc.com\/en\/wp-json\/wp\/v2\/media\/8458"}],"wp:attachment":[{"href":"https:\/\/www.tuning-pc.com\/en\/wp-json\/wp\/v2\/media?parent=8460"}],"wp:term":[{"taxonomy":"product_cat","embeddable":true,"href":"https:\/\/www.tuning-pc.com\/en\/wp-json\/wp\/v2\/product_cat?post=8460"},{"taxonomy":"product_tag","embeddable":true,"href":"https:\/\/www.tuning-pc.com\/en\/wp-json\/wp\/v2\/product_tag?post=8460"}],"curies":[{"name":"wp","href":"https:\/\/api.w.org\/{rel}","templated":true}]}}