{"id":8436,"date":"2010-05-01T14:44:47","date_gmt":"2010-05-01T12:44:47","guid":{"rendered":"https:\/\/www.tuning-pc.com\/produit\/montre-horloge-numrique-parlante-p-4430-3\/"},"modified":"2018-08-11T15:55:35","modified_gmt":"2018-08-11T13:55:35","slug":"montre-horloge-numrique-parlante-p-4430-3","status":"publish","type":"product","link":"https:\/\/www.tuning-pc.com\/en\/produit\/geeking\/montre-horloge-numrique-parlante-p-4430-3\/","title":{"rendered":"Montre Horloge Num\u00e9rique Parlante"},"content":{"rendered":"<p><!--?xml version=\"1.0\" encoding=\"utf-8\"?--><\/p>\n<p>Version Blanche<\/p>\n<p>Le matin, ce n&#8217;est pas toujours facile de lire l&#8217;heure.<br \/>\nCette horloge parlante (en anglais)\u00a0vous donnera l&#8217;heure sans que vous ayez \u00e0 ouvrir l&#8217;\u0153il&#8230;<\/p>\n<p>Ecran bleu<br \/>\nHorloge<br \/>\nAffichage de la temp\u00e9rature<br \/>\nFonction alarme<br \/>\nChangement d\u00b4affichage d\u00b4une simple touche<br \/>\nDimensions: 10,2 * 8,8 * 5,5 cm<br \/>\nAlimentation: 3 piles AAA (non comprises dans la livraison)<\/p>\n<p>&nbsp;<\/p>\n","protected":false},"excerpt":{"rendered":"<p>Version Blanche Le matin, ce n&#8217;est pas toujours facile de lire l&#8217;heure. Cette horloge parlante (en anglais)\u00a0vous donnera l&#8217;heure sans que vous ayez \u00e0 ouvrir l&#8217;\u0153il&#8230; Ecran bleu Horloge Affichage de la temp\u00e9rature Fonction alarme Changement d\u00b4affichage d\u00b4une simple touche<a class=\"main-btn main-btn-primary main-btn-small moretag\" href=\"https:\/\/www.tuning-pc.com\/en\/produit\/geeking\/montre-horloge-numrique-parlante-p-4430-3\/\"> Read More<\/a><\/p>\n","protected":false},"featured_media":8425,"template":"","meta":[],"product_cat":[30],"product_tag":[2294],"brands":[],"_links":{"self":[{"href":"https:\/\/www.tuning-pc.com\/en\/wp-json\/wp\/v2\/product\/8436"}],"collection":[{"href":"https:\/\/www.tuning-pc.com\/en\/wp-json\/wp\/v2\/product"}],"about":[{"href":"https:\/\/www.tuning-pc.com\/en\/wp-json\/wp\/v2\/types\/product"}],"wp:featuredmedia":[{"embeddable":true,"href":"https:\/\/www.tuning-pc.com\/en\/wp-json\/wp\/v2\/media\/8425"}],"wp:attachment":[{"href":"https:\/\/www.tuning-pc.com\/en\/wp-json\/wp\/v2\/media?parent=8436"}],"wp:term":[{"taxonomy":"product_cat","embeddable":true,"href":"https:\/\/www.tuning-pc.com\/en\/wp-json\/wp\/v2\/product_cat?post=8436"},{"taxonomy":"product_tag","embeddable":true,"href":"https:\/\/www.tuning-pc.com\/en\/wp-json\/wp\/v2\/product_tag?post=8436"}],"curies":[{"name":"wp","href":"https:\/\/api.w.org\/{rel}","templated":true}]}}