{"id":8426,"date":"2010-05-01T14:38:38","date_gmt":"2010-05-01T12:38:38","guid":{"rendered":"https:\/\/www.tuning-pc.com\/produit\/housse-pour-notebook-32x23cm-pouces-noire-p-4429-2\/"},"modified":"2018-08-11T15:55:49","modified_gmt":"2018-08-11T13:55:49","slug":"housse-pour-notebook-32x23cm-pouces-noire-p-4429-2","status":"publish","type":"product","link":"https:\/\/www.tuning-pc.com\/en\/produit\/housses\/housse-pour-notebook-32x23cm-pouces-noire-p-4429-2\/","title":{"rendered":"Housse pour Notebook 32x23cm 14 Pouces Noire"},"content":{"rendered":"<p><!--?xml version=\"1.0\" encoding=\"utf-8\"?--><\/p>\n<p>Cette housse tr\u00e8s pratique vous permettra d&#8217;y ranger un PC portable de 14 pouces.<\/p>\n<p>Mati\u00e8re: Neopr\u00e8ne<br \/>\nDimensions externes: 32,5&#215;23,5x1cm<br \/>\nCouleur: Noir<\/p>\n<p>&nbsp;<\/p>\n","protected":false},"excerpt":{"rendered":"<p>Cette housse tr\u00e8s pratique vous permettra d&#8217;y ranger un PC portable de 14 pouces. Mati\u00e8re: Neopr\u00e8ne Dimensions externes: 32,5&#215;23,5x1cm Couleur: Noir &nbsp;<\/p>\n","protected":false},"featured_media":8421,"template":"","meta":[],"product_cat":[29],"product_tag":[2293],"brands":[],"_links":{"self":[{"href":"https:\/\/www.tuning-pc.com\/en\/wp-json\/wp\/v2\/product\/8426"}],"collection":[{"href":"https:\/\/www.tuning-pc.com\/en\/wp-json\/wp\/v2\/product"}],"about":[{"href":"https:\/\/www.tuning-pc.com\/en\/wp-json\/wp\/v2\/types\/product"}],"wp:featuredmedia":[{"embeddable":true,"href":"https:\/\/www.tuning-pc.com\/en\/wp-json\/wp\/v2\/media\/8421"}],"wp:attachment":[{"href":"https:\/\/www.tuning-pc.com\/en\/wp-json\/wp\/v2\/media?parent=8426"}],"wp:term":[{"taxonomy":"product_cat","embeddable":true,"href":"https:\/\/www.tuning-pc.com\/en\/wp-json\/wp\/v2\/product_cat?post=8426"},{"taxonomy":"product_tag","embeddable":true,"href":"https:\/\/www.tuning-pc.com\/en\/wp-json\/wp\/v2\/product_tag?post=8426"}],"curies":[{"name":"wp","href":"https:\/\/api.w.org\/{rel}","templated":true}]}}