{"id":8411,"date":"2010-05-01T14:11:37","date_gmt":"2010-05-01T12:11:37","guid":{"rendered":"https:\/\/www.tuning-pc.com\/produit\/haut-parleurs-21-aladin-rouge-p-4424\/"},"modified":"2018-08-10T16:13:35","modified_gmt":"2018-08-10T14:13:35","slug":"haut-parleurs-21-aladin-rouge-p-4424","status":"publish","type":"product","link":"https:\/\/www.tuning-pc.com\/en\/produit\/peripheriques\/peripheriques-audio\/peripheriques-hauts-parleurs\/haut-parleurs-21-aladin-rouge-p-4424\/","title":{"rendered":"Haut Parleurs 2.1 Aladin Rouge"},"content":{"rendered":"<p><!--?xml version=\"1.0\" encoding=\"utf-8\"?--><\/p>\n<p>Voil\u00e0 des haut parleurs 2,1 qui enchanteront votre quotidien.<br \/>\nAvec son design agr\u00e9able et r\u00e9tro \u00e9clair\u00e9 pour le soir.<\/p>\n<p>Subwoofer<br \/>\nDesign oriental<br \/>\nLecteur multim\u00e9dia<br \/>\nEclairage nocturne<br \/>\nHaute performance: 15W<br \/>\nConsommation: 0,7%<br \/>\nFr\u00e9quence Subwoofer 100Hz-300Hz<br \/>\nLecture: 2,25WX2+6W<\/p>\n<p>Dimensions:<br \/>\nHauts-parleurs doite\/gauche: 5,5*14*4cm<br \/>\nHaut-parleur central: c.a. 8*20,8*6cm<br \/>\nLongueur du c\u00e2ble: 120 cm<br \/>\nAdaptateur: 150 cm<\/p>\n<p>&nbsp;<\/p>\n","protected":false},"excerpt":{"rendered":"<p>Voil\u00e0 des haut parleurs 2,1 qui enchanteront votre quotidien. Avec son design agr\u00e9able et r\u00e9tro \u00e9clair\u00e9 pour le soir. Subwoofer Design oriental Lecteur multim\u00e9dia Eclairage nocturne Haute performance: 15W Consommation: 0,7% Fr\u00e9quence Subwoofer 100Hz-300Hz Lecture: 2,25WX2+6W Dimensions: Hauts-parleurs doite\/gauche: 5,5*14*4cm<a class=\"main-btn main-btn-primary main-btn-small moretag\" href=\"https:\/\/www.tuning-pc.com\/en\/produit\/peripheriques\/peripheriques-audio\/peripheriques-hauts-parleurs\/haut-parleurs-21-aladin-rouge-p-4424\/\"> Read More<\/a><\/p>\n","protected":false},"featured_media":8409,"template":"","meta":[],"product_cat":[92],"product_tag":[2290],"brands":[],"_links":{"self":[{"href":"https:\/\/www.tuning-pc.com\/en\/wp-json\/wp\/v2\/product\/8411"}],"collection":[{"href":"https:\/\/www.tuning-pc.com\/en\/wp-json\/wp\/v2\/product"}],"about":[{"href":"https:\/\/www.tuning-pc.com\/en\/wp-json\/wp\/v2\/types\/product"}],"wp:featuredmedia":[{"embeddable":true,"href":"https:\/\/www.tuning-pc.com\/en\/wp-json\/wp\/v2\/media\/8409"}],"wp:attachment":[{"href":"https:\/\/www.tuning-pc.com\/en\/wp-json\/wp\/v2\/media?parent=8411"}],"wp:term":[{"taxonomy":"product_cat","embeddable":true,"href":"https:\/\/www.tuning-pc.com\/en\/wp-json\/wp\/v2\/product_cat?post=8411"},{"taxonomy":"product_tag","embeddable":true,"href":"https:\/\/www.tuning-pc.com\/en\/wp-json\/wp\/v2\/product_tag?post=8411"}],"curies":[{"name":"wp","href":"https:\/\/api.w.org\/{rel}","templated":true}]}}