{"id":6207,"date":"2009-10-20T16:58:14","date_gmt":"2009-10-20T14:58:14","guid":{"rendered":"https:\/\/www.tuning-pc.com\/produit\/20-ports-with-photoframe-p-3584\/"},"modified":"2018-08-11T15:17:43","modified_gmt":"2018-08-11T13:17:43","slug":"20-ports-with-photoframe-p-3584","status":"publish","type":"product","link":"https:\/\/www.tuning-pc.com\/en\/produit\/geeking\/20-ports-with-photoframe-p-3584\/","title":{"rendered":"USB 2.0 HUB 4 Ports With photoFrame LED"},"content":{"rendered":"<p><!--?xml version=\"1.0\" encoding=\"utf-8\"?--> Design compact, USB 2.0, 4-port Hub, compatibilit\u00e9 ascendante avec USB 1.1<br \/>\nTaille photo 62 x 53mm, dans le cadre<br \/>\nEclairage de la photo, int\u00e9gr\u00e9, aliment\u00e9 par les LEDs via le port USB<\/p>\n","protected":false},"excerpt":{"rendered":"<p>Design compact, USB 2.0, 4-port Hub, compatibilit\u00e9 ascendante avec USB 1.1 Taille photo 62 x 53mm, dans le cadre Eclairage de la photo, int\u00e9gr\u00e9, aliment\u00e9 par les LEDs via le port USB<\/p>\n","protected":false},"featured_media":6205,"template":"","meta":[],"product_cat":[30],"product_tag":[1801],"brands":[],"_links":{"self":[{"href":"https:\/\/www.tuning-pc.com\/en\/wp-json\/wp\/v2\/product\/6207"}],"collection":[{"href":"https:\/\/www.tuning-pc.com\/en\/wp-json\/wp\/v2\/product"}],"about":[{"href":"https:\/\/www.tuning-pc.com\/en\/wp-json\/wp\/v2\/types\/product"}],"wp:featuredmedia":[{"embeddable":true,"href":"https:\/\/www.tuning-pc.com\/en\/wp-json\/wp\/v2\/media\/6205"}],"wp:attachment":[{"href":"https:\/\/www.tuning-pc.com\/en\/wp-json\/wp\/v2\/media?parent=6207"}],"wp:term":[{"taxonomy":"product_cat","embeddable":true,"href":"https:\/\/www.tuning-pc.com\/en\/wp-json\/wp\/v2\/product_cat?post=6207"},{"taxonomy":"product_tag","embeddable":true,"href":"https:\/\/www.tuning-pc.com\/en\/wp-json\/wp\/v2\/product_tag?post=6207"}],"curies":[{"name":"wp","href":"https:\/\/api.w.org\/{rel}","templated":true}]}}