{"id":5465,"date":"2009-09-14T10:50:44","date_gmt":"2009-09-14T08:50:44","guid":{"rendered":"https:\/\/www.tuning-pc.com\/produit\/logitech-lx6-cordless-optical-mouse-p-3309-3\/"},"modified":"2018-08-11T15:22:46","modified_gmt":"2018-08-11T13:22:46","slug":"logitech-lx6-cordless-optical-mouse-p-3309-3","status":"publish","type":"product","link":"https:\/\/www.tuning-pc.com\/en\/produit\/peripheriques\/peripheriques-souris\/logitech-lx6-cordless-optical-mouse-p-3309-3\/","title":{"rendered":"Logitech LX6 Cordless Optical Mouse"},"content":{"rendered":"<p><!--?xml version=\"1.0\" encoding=\"utf-8\"?--> Contr\u00f4le<br \/>\nCapteur optique haute d\u00e9finition: deux fois et demie plus r\u00e9active qu&#8217;une souris optique classique. Son moteur optique 1000 ppp offre un contr\u00f4le du pointeur plus r\u00e9gulier et plus pr\u00e9cis.<\/p>\n<p>Confort et commodit\u00e9<br \/>\nConception tout confort: son rev\u00eatement en caoutchouc et sa forme profil\u00e9e vous offrent un confort sup\u00e9rieur et un contr\u00f4le sans effort.<br \/>\nD\u00e9filement horizontal et zoom*: id\u00e9al pour parcourir vos photos num\u00e9riques et vos feuilles de calcul. Effectuez un zoom avant ou arri\u00e8re instantan\u00e9, ou un d\u00e9filement horizontal ou vertical.<br \/>\nLong\u00e9vit\u00e9 des piles prolong\u00e9e**: b\u00e9n\u00e9ficiez d&#8217;une autonomie de 8 heures maximum.<\/p>\n","protected":false},"excerpt":{"rendered":"<p>Contr\u00f4le Capteur optique haute d\u00e9finition: deux fois et demie plus r\u00e9active qu&#8217;une souris optique classique. Son moteur optique 1000 ppp offre un contr\u00f4le du pointeur plus r\u00e9gulier et plus pr\u00e9cis. Confort et commodit\u00e9 Conception tout confort: son rev\u00eatement en caoutchouc<a class=\"main-btn main-btn-primary main-btn-small moretag\" href=\"https:\/\/www.tuning-pc.com\/en\/produit\/peripheriques\/peripheriques-souris\/logitech-lx6-cordless-optical-mouse-p-3309-3\/\"> Read More<\/a><\/p>\n","protected":false},"featured_media":5442,"template":"","meta":[],"product_cat":[105],"product_tag":[1627],"brands":[],"_links":{"self":[{"href":"https:\/\/www.tuning-pc.com\/en\/wp-json\/wp\/v2\/product\/5465"}],"collection":[{"href":"https:\/\/www.tuning-pc.com\/en\/wp-json\/wp\/v2\/product"}],"about":[{"href":"https:\/\/www.tuning-pc.com\/en\/wp-json\/wp\/v2\/types\/product"}],"wp:featuredmedia":[{"embeddable":true,"href":"https:\/\/www.tuning-pc.com\/en\/wp-json\/wp\/v2\/media\/5442"}],"wp:attachment":[{"href":"https:\/\/www.tuning-pc.com\/en\/wp-json\/wp\/v2\/media?parent=5465"}],"wp:term":[{"taxonomy":"product_cat","embeddable":true,"href":"https:\/\/www.tuning-pc.com\/en\/wp-json\/wp\/v2\/product_cat?post=5465"},{"taxonomy":"product_tag","embeddable":true,"href":"https:\/\/www.tuning-pc.com\/en\/wp-json\/wp\/v2\/product_tag?post=5465"}],"curies":[{"name":"wp","href":"https:\/\/api.w.org\/{rel}","templated":true}]}}