{"id":2902,"date":"2008-12-27T16:32:58","date_gmt":"2008-12-27T15:32:58","guid":{"rendered":"https:\/\/www.tuning-pc.com\/produit\/logitech-media-keyboard-p-2089\/"},"modified":"2018-08-11T15:29:56","modified_gmt":"2018-08-11T13:29:56","slug":"logitech-media-keyboard-p-2089","status":"publish","type":"product","link":"https:\/\/www.tuning-pc.com\/en\/produit\/peripheriques\/peripheriques-claviers\/logitech-media-keyboard-p-2089\/","title":{"rendered":"Logitech Media Keyboard 600"},"content":{"rendered":"<p><!--?xml version=\"1.0\" encoding=\"utf-8\"?--> Commodit\u00e9<br \/>\nCommandes multim\u00e9dia: acc\u00e9dez facilement \u00e0 la musique et aux vid\u00e9os gr\u00e2ce aux commandes de volume et de sourdine intuitives \u00e0 port\u00e9e de main et aux touches de raccourci multim\u00e9dia.<br \/>\nTouches d&#8217;acc\u00e8s direct: lancez instantan\u00e9ment votre moteur de recherche Internet, votre messagerie \u00e9lectronique, votre application de Voix sur IP ou votre calculatrice sur \u00e9cran.<br \/>\nTouches de fonction am\u00e9lior\u00e9es: les touches F sont ais\u00e9ment programmables pour ouvrir applications, fichiers ou dossiers.<br \/>\nConception \u00e9tanche: prot\u00e9gez votre clavier des taches ou des \u00e9claboussures accidentelles.*<br \/>\nPr\u00eat \u00e0 l&#8217;emploi pour Windows\u00ae Vista&#x2122;: tirez le meilleur parti de Windows\u00ae Vista&#x2122;.<br \/>\nConfort et \u00e9l\u00e9gance<br \/>\nTouches plates: travaillez en tout confort gr\u00e2ce aux touches r\u00e9actives, silencieuses et douces au toucher.<br \/>\nInclinaison r\u00e9glable: pour une frappe confortable.<br \/>\nDesign attrayant: donnez du style \u00e0 votre espace de travail avec ce design moderne accentu\u00e9 par des tons noirs brillants.<br \/>\nAzerty BE<\/p>\n","protected":false},"excerpt":{"rendered":"<p>Commodit\u00e9 Commandes multim\u00e9dia: acc\u00e9dez facilement \u00e0 la musique et aux vid\u00e9os gr\u00e2ce aux commandes de volume et de sourdine intuitives \u00e0 port\u00e9e de main et aux touches de raccourci multim\u00e9dia. Touches d&#8217;acc\u00e8s direct: lancez instantan\u00e9ment votre moteur de recherche Internet,<a class=\"main-btn main-btn-primary main-btn-small moretag\" href=\"https:\/\/www.tuning-pc.com\/en\/produit\/peripheriques\/peripheriques-claviers\/logitech-media-keyboard-p-2089\/\"> Read More<\/a><\/p>\n","protected":false},"featured_media":2900,"template":"","meta":[],"product_cat":[117],"product_tag":[1042],"brands":[],"_links":{"self":[{"href":"https:\/\/www.tuning-pc.com\/en\/wp-json\/wp\/v2\/product\/2902"}],"collection":[{"href":"https:\/\/www.tuning-pc.com\/en\/wp-json\/wp\/v2\/product"}],"about":[{"href":"https:\/\/www.tuning-pc.com\/en\/wp-json\/wp\/v2\/types\/product"}],"wp:featuredmedia":[{"embeddable":true,"href":"https:\/\/www.tuning-pc.com\/en\/wp-json\/wp\/v2\/media\/2900"}],"wp:attachment":[{"href":"https:\/\/www.tuning-pc.com\/en\/wp-json\/wp\/v2\/media?parent=2902"}],"wp:term":[{"taxonomy":"product_cat","embeddable":true,"href":"https:\/\/www.tuning-pc.com\/en\/wp-json\/wp\/v2\/product_cat?post=2902"},{"taxonomy":"product_tag","embeddable":true,"href":"https:\/\/www.tuning-pc.com\/en\/wp-json\/wp\/v2\/product_tag?post=2902"}],"curies":[{"name":"wp","href":"https:\/\/api.w.org\/{rel}","templated":true}]}}