{"id":1737,"date":"2021-03-02T08:38:08","date_gmt":"2021-03-02T07:38:08","guid":{"rendered":"https:\/\/www.tuning-pc.com\/?post_type=product&#038;p=1737"},"modified":"2021-03-02T09:12:03","modified_gmt":"2021-03-02T08:12:03","slug":"livraison-soins-p-1410","status":"publish","type":"product","link":"https:\/\/www.tuning-pc.com\/en\/produit\/services\/livraison-soins-p-1410\/","title":{"rendered":"Livraison et installation sur site par nos soins"},"content":{"rendered":"<p>Frais d&#8217;exp\u00e9ditions non inclus (calcul\u00e9 lors de la validation de votre panier)<\/p>\n<p>Dans le brabant wallon Belgique<\/p>\n<p>Installation de l&#8217;ordinateur o\u00f9 du composant sur place<\/p>\n<p>Premi\u00e8re mise en route et explications (30 minutes incluses)<\/p>\n<p><!--?xml version=\"1.0\" encoding=\"utf-8\"?--><\/p>\n","protected":false},"excerpt":{"rendered":"<p>Frais d&#8217;exp\u00e9ditions non inclus (calcul\u00e9 lors de la validation de votre panier) Dans le brabant wallon Belgique Installation de l&#8217;ordinateur o\u00f9 du composant sur place Premi\u00e8re mise en route et explications (30 minutes incluses)<\/p>\n","protected":false},"featured_media":0,"template":"","meta":[],"product_cat":[32],"product_tag":[710],"brands":[],"_links":{"self":[{"href":"https:\/\/www.tuning-pc.com\/en\/wp-json\/wp\/v2\/product\/1737"}],"collection":[{"href":"https:\/\/www.tuning-pc.com\/en\/wp-json\/wp\/v2\/product"}],"about":[{"href":"https:\/\/www.tuning-pc.com\/en\/wp-json\/wp\/v2\/types\/product"}],"wp:attachment":[{"href":"https:\/\/www.tuning-pc.com\/en\/wp-json\/wp\/v2\/media?parent=1737"}],"wp:term":[{"taxonomy":"product_cat","embeddable":true,"href":"https:\/\/www.tuning-pc.com\/en\/wp-json\/wp\/v2\/product_cat?post=1737"},{"taxonomy":"product_tag","embeddable":true,"href":"https:\/\/www.tuning-pc.com\/en\/wp-json\/wp\/v2\/product_tag?post=1737"}],"curies":[{"name":"wp","href":"https:\/\/api.w.org\/{rel}","templated":true}]}}