{"id":1666,"date":"2008-09-25T11:19:45","date_gmt":"2008-09-25T09:19:45","guid":{"rendered":"https:\/\/www.tuning-pc.com\/produit\/thermalright-sb2-k8-p-1380\/"},"modified":"2018-08-11T15:33:52","modified_gmt":"2018-08-11T13:33:52","slug":"thermalright-sb2-k8-cooler","status":"publish","type":"product","link":"https:\/\/www.tuning-pc.com\/en\/produit\/air-cooling\/refroidissement-cpu-air\/thermalright-sb2-k8-cooler\/","title":{"rendered":"Thermalright SB2 K8"},"content":{"rendered":"<p><!--?xml version=\"1.0\" encoding=\"utf-8\"?--><\/p>\n<p><span style=\"font-family: arial, helvetica, sans-serif;\"><em>Dimension<\/em><br \/>\nDiam\u00e8tre 96mm, hauteur 50mm<\/span><\/p>\n<p><span style=\"font-family: arial, helvetica, sans-serif;\"><em>Mati\u00e8re<br \/>\n<\/em>Cuivre<\/span><\/p>\n<p><em>Compatibilit\u00e9 processeur<\/em><br \/>\nAMD<\/p>\n<p><strong><span style=\"font-family: arial, helvetica, sans-serif;\">Athlon64 FX 3200+\/Athlon64 3200+ et au-del\u00e0<\/span><\/strong><\/p>\n<p>&nbsp;<\/p>\n","protected":false},"excerpt":{"rendered":"<p>Dimension Diam\u00e8tre 96mm, hauteur 50mm Mati\u00e8re Cuivre Compatibilit\u00e9 processeur AMD Athlon64 FX 3200+\/Athlon64 3200+ et au-del\u00e0 &nbsp;<\/p>\n","protected":false},"featured_media":1664,"template":"","meta":[],"product_cat":[44],"product_tag":[686],"brands":[],"_links":{"self":[{"href":"https:\/\/www.tuning-pc.com\/en\/wp-json\/wp\/v2\/product\/1666"}],"collection":[{"href":"https:\/\/www.tuning-pc.com\/en\/wp-json\/wp\/v2\/product"}],"about":[{"href":"https:\/\/www.tuning-pc.com\/en\/wp-json\/wp\/v2\/types\/product"}],"wp:featuredmedia":[{"embeddable":true,"href":"https:\/\/www.tuning-pc.com\/en\/wp-json\/wp\/v2\/media\/1664"}],"wp:attachment":[{"href":"https:\/\/www.tuning-pc.com\/en\/wp-json\/wp\/v2\/media?parent=1666"}],"wp:term":[{"taxonomy":"product_cat","embeddable":true,"href":"https:\/\/www.tuning-pc.com\/en\/wp-json\/wp\/v2\/product_cat?post=1666"},{"taxonomy":"product_tag","embeddable":true,"href":"https:\/\/www.tuning-pc.com\/en\/wp-json\/wp\/v2\/product_tag?post=1666"}],"curies":[{"name":"wp","href":"https:\/\/api.w.org\/{rel}","templated":true}]}}