{"id":1420,"date":"2008-08-29T16:18:29","date_gmt":"2008-08-29T14:18:29","guid":{"rendered":"https:\/\/www.tuning-pc.com\/produit\/nova-winner-blackred-p-1247\/"},"modified":"2018-08-11T16:08:02","modified_gmt":"2018-08-11T14:08:02","slug":"nova-winner-blackred-p-1247","status":"publish","type":"product","link":"https:\/\/www.tuning-pc.com\/en\/produit\/gaming\/gaming-tapis-souris\/nova-winner-blackred-p-1247\/","title":{"rendered":"Nova Winner 3 Black\/Red"},"content":{"rendered":"<p><!--?xml version=\"1.0\" encoding=\"utf-8\"?--><\/p>\n<p>Format 268X233mm<br \/>\n&#8211; Epaisseur: 3mm<\/p>\n<p>&#8211; Bi-mati\u00e8re 8000 dpi: tout comme le WINNER-2, cette version conserve la technologie unique de NOVA permettant d&#8217;allier glisse, adh\u00e9rence et pr\u00e9cision du pointeur.<\/p>\n<p>La mati\u00e8re interne (l\u00e0 o\u00f9 la souris glisse) est d\u00e9sormais propos\u00e9e en deux couleurs, Noir intense ou Blanc \u00e9pur\u00e9.<\/p>\n<p>La mati\u00e8re externe (recentreur, repose-poignet) est d\u00e9sormais propos\u00e9e en Rouge, Noir ou Argent selon le mod\u00e8le choisi.<\/p>\n<p>&#8211; 8000 DPI, 0 D\u00e9crochage:\u00a0 Bien entendu, ce tapis garantit 0 d\u00e9crochage et 0 latence sur vos souris optiques et laser, c&#8217;est l&#8217;engagement de NOVA<\/p>\n<p>&#8211; Recentreur \u2013 Constitu\u00e9 d\u2019une mati\u00e8re au touch\u00e9 plus soft et d\u00e9limit\u00e9 par une rainure , ce cadre permettra soit de mani\u00e8re sensitive au toucher soit par l\u00e9ger soubresaut de la souris , de recentrer l\u2019utilisateur pour une disponibilit\u00e9 permanente tout en restant concentr\u00e9 sur le jeu .<\/p>\n<p>&#8211; Verso &#8211; en mousse micro cellulaire \u00e0 effet ventouse, hyper adh\u00e9rent sur tout type de surfaces<\/p>\n<p>&nbsp;<\/p>\n","protected":false},"excerpt":{"rendered":"<p>Format 268X233mm &#8211; Epaisseur: 3mm &#8211; Bi-mati\u00e8re 8000 dpi: tout comme le WINNER-2, cette version conserve la technologie unique de NOVA permettant d&#8217;allier glisse, adh\u00e9rence et pr\u00e9cision du pointeur. La mati\u00e8re interne (l\u00e0 o\u00f9 la souris glisse) est d\u00e9sormais propos\u00e9e<a class=\"main-btn main-btn-primary main-btn-small moretag\" href=\"https:\/\/www.tuning-pc.com\/en\/produit\/gaming\/gaming-tapis-souris\/nova-winner-blackred-p-1247\/\"> Read More<\/a><\/p>\n","protected":false},"featured_media":1418,"template":"","meta":[],"product_cat":[39],"product_tag":[597],"brands":[],"_links":{"self":[{"href":"https:\/\/www.tuning-pc.com\/en\/wp-json\/wp\/v2\/product\/1420"}],"collection":[{"href":"https:\/\/www.tuning-pc.com\/en\/wp-json\/wp\/v2\/product"}],"about":[{"href":"https:\/\/www.tuning-pc.com\/en\/wp-json\/wp\/v2\/types\/product"}],"wp:featuredmedia":[{"embeddable":true,"href":"https:\/\/www.tuning-pc.com\/en\/wp-json\/wp\/v2\/media\/1418"}],"wp:attachment":[{"href":"https:\/\/www.tuning-pc.com\/en\/wp-json\/wp\/v2\/media?parent=1420"}],"wp:term":[{"taxonomy":"product_cat","embeddable":true,"href":"https:\/\/www.tuning-pc.com\/en\/wp-json\/wp\/v2\/product_cat?post=1420"},{"taxonomy":"product_tag","embeddable":true,"href":"https:\/\/www.tuning-pc.com\/en\/wp-json\/wp\/v2\/product_tag?post=1420"}],"curies":[{"name":"wp","href":"https:\/\/api.w.org\/{rel}","templated":true}]}}