{"id":14082,"date":"2018-09-17T17:58:51","date_gmt":"2018-09-17T15:58:51","guid":{"rendered":"https:\/\/www.tuning-pc.com\/?post_type=product&#038;p=14082"},"modified":"2019-03-10T18:33:47","modified_gmt":"2019-03-10T17:33:47","slug":"arctic-freezer-13-co-ventilateur-cpu","status":"publish","type":"product","link":"https:\/\/www.tuning-pc.com\/en\/produit\/air-cooling\/refroidissement-cpu-air\/arctic-freezer-13-co-ventilateur-cpu\/","title":{"rendered":"Arctic Freezer 13 CO Ventilateur CPU"},"content":{"rendered":"<div>Compatibility<\/div>\n<div>\n<div>\n<p><b>Intel Socket<\/b><\/p>\n<table class=\"fixed-w\">\n<tbody>\n<tr>\n<td>1151<\/td>\n<td>1150<\/td>\n<td>1155<\/td>\n<td>1156<\/td>\n<td>2066<\/td>\n<td>2011(-3)<\/td>\n<td>1366<\/td>\n<td>775<\/td>\n<\/tr>\n<tr>\n<td>Yes<\/td>\n<td>Yes<\/td>\n<td>Yes<\/td>\n<td>Yes<\/td>\n<td>No<\/td>\n<td>No<\/td>\n<td>Yes<\/td>\n<td>Yes<\/td>\n<\/tr>\n<\/tbody>\n<\/table>\n<p>Hauteur max des RAM si le dissipateur se trouve au dessus (suivant les cartes m\u00e8re) 33,5mm<\/p>\n<\/div>\n<p><b>AMD Socket<\/b><\/p>\n<table class=\"fixed-w\">\n<tbody>\n<tr>\n<td>sTR4<\/td>\n<td>AM4<\/td>\n<td>AM3(+)<\/td>\n<td>AM2(+)<\/td>\n<td>AM1<\/td>\n<td>FM2(+)<\/td>\n<td>FM1<\/td>\n<\/tr>\n<tr>\n<td>No<\/td>\n<td>Yes<\/td>\n<td>Yes<\/td>\n<td>Yes<\/td>\n<td>No<\/td>\n<td>Yes<\/td>\n<td>Yes<\/td>\n<\/tr>\n<\/tbody>\n<\/table>\n<\/div>\n<p>Hauteur max des RAM si le dissipateur se trouve au dessus (suivant les cartes m\u00e8re) en AM4 33mm, et 34mm en AM3(+), AM2(+), FM2(+), FM1<\/p>\n<p>&nbsp;<\/p>\n<p>FAN<\/p>\n<div>Diameter:<\/div>\n<div>92 mm<\/div>\n<div>Fan Speed:<\/div>\n<div>600 &#8211; 2,000 RPM (Controlled by PWM)<\/div>\n<div>Noise Level:<\/div>\n<div>0.5 Sone @ 2,000 RPM<\/div>\n<div>Current \/ Voltage:<\/div>\n<div>0.18 A \/ 12 V<\/div>\n<div>Power Consumption:<\/div>\n<div>2.28 Watts<\/div>\n","protected":false},"excerpt":{"rendered":"<p>Performance de refroidissement sup\u00e9rieure<br \/>\nUn ventilateur PWM de 92 mm, combin\u00e9 \u00e0 des caloducs \u00e0 double face en cuivre de 6 mm et \u00e0 un dissipateur thermique \u00e0 45 ailettes, permet au Freezer 13 CO de fournir de hautes performances et d&#8217;am\u00e9liorer le transfert de chaleur du processeur. Il excelle dans l&#8217;efficacit\u00e9 de refroidissement dans un examen de comparaison Hexus avec le refroidisseur de stock ainsi que les concurrents.<\/p>\n<p>Selon un test d&#8217;Hexus, le Freezer 13 CO est l&#8217;un des refroidisseurs les plus silencieux du march\u00e9.<br \/>\nGr\u00e2ce \u00e0 la commande PWM, la vitesse du ventilateur s&#8217;ajuste en fonction de la temp\u00e9rature du processeur et le niveau de bruit reste donc au minimum absolu, ce qui le qualifie de refroidisseur silencieux.<\/p>\n","protected":false},"featured_media":14090,"template":"","meta":[],"product_cat":[44],"product_tag":[],"brands":[{"id":2927,"name":"Arctic","slug":"arctic"}],"_links":{"self":[{"href":"https:\/\/www.tuning-pc.com\/en\/wp-json\/wp\/v2\/product\/14082"}],"collection":[{"href":"https:\/\/www.tuning-pc.com\/en\/wp-json\/wp\/v2\/product"}],"about":[{"href":"https:\/\/www.tuning-pc.com\/en\/wp-json\/wp\/v2\/types\/product"}],"wp:featuredmedia":[{"embeddable":true,"href":"https:\/\/www.tuning-pc.com\/en\/wp-json\/wp\/v2\/media\/14090"}],"wp:attachment":[{"href":"https:\/\/www.tuning-pc.com\/en\/wp-json\/wp\/v2\/media?parent=14082"}],"wp:term":[{"taxonomy":"product_cat","embeddable":true,"href":"https:\/\/www.tuning-pc.com\/en\/wp-json\/wp\/v2\/product_cat?post=14082"},{"taxonomy":"product_tag","embeddable":true,"href":"https:\/\/www.tuning-pc.com\/en\/wp-json\/wp\/v2\/product_tag?post=14082"}],"curies":[{"name":"wp","href":"https:\/\/api.w.org\/{rel}","templated":true}]}}