{"id":13995,"date":"2018-09-12T11:34:11","date_gmt":"2018-09-12T09:34:11","guid":{"rendered":"https:\/\/www.tuning-pc.com\/?post_type=product&#038;p=13995"},"modified":"2021-02-24T21:19:31","modified_gmt":"2021-02-24T20:19:31","slug":"in-win-303-dragon-edition-tour-midi-blanc-fenetre","status":"publish","type":"product","link":"https:\/\/www.tuning-pc.com\/en\/produit\/composants-pc\/composants-boitiers\/moyenne-tour\/in-win-303-dragon-edition-tour-midi-blanc-fenetre\/","title":{"rendered":"In Win 303 DRAGON Edition Tour Midi Blanc Fen\u00eatre"},"content":{"rendered":"<table class=\"spec_table\">\n<tbody>\n<tr>\n<th>Model<\/th>\n<td>In Win 303-MSI Dragon Edition<\/td>\n<\/tr>\n<tr>\n<th>Color<\/th>\n<td>White<\/td>\n<\/tr>\n<tr>\n<th>Case Type<\/th>\n<td>Mid Tower<\/td>\n<\/tr>\n<tr>\n<th>Case Material<\/th>\n<td>Tempered Glass, SECC<\/td>\n<\/tr>\n<tr>\n<th>M\/B Compatibility<\/th>\n<td>12&#8243; x 10.7&#8243; ATX, Micro-ATX, Mini-ITX<\/td>\n<\/tr>\n<tr>\n<th>Expansion Slots<\/th>\n<td>PCI-E x 7<\/td>\n<\/tr>\n<tr>\n<th>Maximum Compatibility<\/th>\n<td>VGA Card Length:350mm<br \/>\nCPU Heatsink Height :160mm<\/td>\n<\/tr>\n<tr>\n<th>Front Ports<\/th>\n<td>2 x USB 3.0<br \/>\n2 x USB 2.0<br \/>\nHD Audio<\/td>\n<\/tr>\n<tr>\n<th>Internal Drive Bays<\/th>\n<td>2 x 3.5&#8243;<br \/>\n2 x 2.5&#8243;<br \/>\n2 Pre-installed (Max. up to 3 bays)<\/td>\n<\/tr>\n<tr>\n<th>Thermal Solution Compatibility<\/th>\n<td>1 x 120mm Rear Fan \/ 120mm Radiator<br \/>\n3 x 120mm Top Fan \/ 360mm Radiator<br \/>\n3 x 120mm Bottom Fan<\/td>\n<\/tr>\n<tr>\n<th>Power Supply Compatibility<\/th>\n<td>PSII: ATX12V<br \/>\n&#8211; Length up to 200mm<\/td>\n<\/tr>\n<tr>\n<th>Product Dimension<br \/>\n(H x W x D)<\/th>\n<td>500mm x 215mm x 480mm<br \/>\n19.6&#8243; x 8.4&#8243; x 18.8&#8243;<\/td>\n<\/tr>\n<tr>\n<th>Product Dimension<br \/>\n(H x W x D)<br \/>\nwith screws &#038; handle height<\/th>\n<td>500mm x 248mm x 480mm<br \/>\n19.6&#8243; x 9.7&#8243; x 18.8&#8243;<\/td>\n<\/tr>\n<tr>\n<th>Package Dimension<br \/>\n(H x W x D)<\/th>\n<td>335mm x 610mm x 572mm<br \/>\n13.1&#8243; x 24&#8243; x 22.5&#8243;<\/td>\n<\/tr>\n<tr>\n<th>Net Weight<\/th>\n<td>10.88kg \/ 24lb<\/td>\n<\/tr>\n<tr>\n<th>Gross Weight<\/th>\n<td>13.02kg \/ 28.7lb<\/td>\n<\/tr>\n<tr>\n<td class=\"spec_tip\" colspan=\"2\">* In Win products comply with RoHS regulation.<br \/>\n* Specifications may vary based on different regions.<\/td>\n<\/tr>\n<\/tbody>\n<\/table>\n","protected":false},"excerpt":{"rendered":"<p>In Win et MSI sont des marques de renomm\u00e9e mondiale dans la communaut\u00e9 du b\u00e2timent PC. Nous avons chacun un objectif similaire: d\u00e9passer constamment les limites et viser l&#8217;innovation. In Win et MSI s&#8217;unissent pour la premi\u00e8re fois pour concevoir l&#8217;In-Dragon 303-MSI Dragon Edition. L&#8217;esth\u00e9tique simple est l\u00e9g\u00e8rement modifi\u00e9e, mais suffisamment pr\u00e9serv\u00e9e pour donner vie \u00e0 l&#8217;\u00e9tonnante Dragon Edition.<\/p>\n","protected":false},"featured_media":14005,"template":"","meta":[],"product_cat":[118],"product_tag":[],"brands":[{"id":2926,"name":"In Win","slug":"in-win"}],"_links":{"self":[{"href":"https:\/\/www.tuning-pc.com\/en\/wp-json\/wp\/v2\/product\/13995"}],"collection":[{"href":"https:\/\/www.tuning-pc.com\/en\/wp-json\/wp\/v2\/product"}],"about":[{"href":"https:\/\/www.tuning-pc.com\/en\/wp-json\/wp\/v2\/types\/product"}],"wp:featuredmedia":[{"embeddable":true,"href":"https:\/\/www.tuning-pc.com\/en\/wp-json\/wp\/v2\/media\/14005"}],"wp:attachment":[{"href":"https:\/\/www.tuning-pc.com\/en\/wp-json\/wp\/v2\/media?parent=13995"}],"wp:term":[{"taxonomy":"product_cat","embeddable":true,"href":"https:\/\/www.tuning-pc.com\/en\/wp-json\/wp\/v2\/product_cat?post=13995"},{"taxonomy":"product_tag","embeddable":true,"href":"https:\/\/www.tuning-pc.com\/en\/wp-json\/wp\/v2\/product_tag?post=13995"}],"curies":[{"name":"wp","href":"https:\/\/api.w.org\/{rel}","templated":true}]}}