{"id":13912,"date":"2018-09-07T18:08:59","date_gmt":"2018-09-07T16:08:59","guid":{"rendered":"https:\/\/www.tuning-pc.com\/?post_type=product&#038;p=13912"},"modified":"2021-02-24T21:19:36","modified_gmt":"2021-02-24T20:19:36","slug":"cooler-master-silencio-550-pour-le-calme","status":"publish","type":"product","link":"https:\/\/www.tuning-pc.com\/en\/produit\/composants-pc\/composants-boitiers\/moyenne-tour\/cooler-master-silencio-550-pour-le-calme\/","title":{"rendered":"Cooler Master Silencio 550 pour le calme"},"content":{"rendered":"<table id=\"spec01\" border=\"0\" cellspacing=\"0\" cellpadding=\"5\">\n<tbody>\n<tr>\n<td>Model<\/td>\n<td>RC-550-KKN1<\/td>\n<\/tr>\n<tr>\n<td>Available Color<\/td>\n<td>Full Black<\/td>\n<\/tr>\n<tr>\n<td>Materials<\/td>\n<td>Steel body, Plastic front bezel<\/td>\n<\/tr>\n<tr>\n<td>Dimension (W x H x D)<\/td>\n<td>210 x 451.5 x 505.0 mm \/ 8.2 x 17.8 x 19.8 inch<\/td>\n<\/tr>\n<tr>\n<td>Weight<\/td>\n<td>9.2 kg \/ 20.3 lb<\/td>\n<\/tr>\n<tr>\n<td>M\/B Type<\/td>\n<td>Micro-ATX,ATX<\/td>\n<\/tr>\n<tr>\n<td>5.25&#8243; Drive Bays<\/td>\n<td>3 (without the use of exposed 3.5&#8243; drive bays)<\/td>\n<\/tr>\n<tr>\n<td>3.5&#8243; Drive Bays<\/td>\n<td>7 (hidden)<\/td>\n<\/tr>\n<tr>\n<td>2.5&#8243; Drive Bays<\/td>\n<td>2 (hidden,converted from one 3.5&#8243; drive bay)<\/td>\n<\/tr>\n<tr>\n<td>I\/O Panel<\/td>\n<td>USB 3.0 x 1 (internal), USB 2.0 x 1, Mic x1, Audio x 1, SD card reader x 1<\/td>\n<\/tr>\n<tr>\n<td>Expansion Slots<\/td>\n<td>7<\/td>\n<\/tr>\n<tr>\n<td>Cooling System<\/td>\n<td>Front(intake): 120mm x 1, 800rpm silent fan pre-install (converted to 120mm fan x 2 or 140mm fan x 1)<br \/>\nRear (exhaust): 120mm x 1, 800rpm silent fan pre-install<\/td>\n<\/tr>\n<tr>\n<td>Power Supply Type<\/td>\n<td>Standard ATX PS2<\/td>\n<\/tr>\n<tr>\n<td>Maximum Compatibility<\/td>\n<td>CPU cooler height: 154mm \/ 6.10 inch<br \/>\nVGA card length: 281mm \/ 11.10 inch(with HDD cage)<br \/>\n400mm \/ 15.80 inch (Remove HDD cage, w\/120&#215;25 fan)<br \/>\n427mm \/ 16.80 inch (Remove HDD cage, w\/o fan)<\/td>\n<\/tr>\n<\/tbody>\n<\/table>\n<p>Les photos qui pr\u00e9sentent du mat\u00e9riel dans le boitier, sont \u00e0 titre de pr\u00e9sentation, celui-ci n\u2019est pas inclus avec le produit.<\/p>\n","protected":false},"excerpt":{"rendered":"<p>Comprend deux ventilateurs silencieux \u00e0 800 tr \/ min \u00e0 l&#8217;avant et \u00e0 l&#8217;arri\u00e8re (prend en charge jusqu&#8217;\u00e0 trois ventilateurs de 120 mm)<br \/>\nPanneau I\/O sup\u00e9rieur pour un acc\u00e8s facile<br \/>\nPieds de haute qualit\u00e9<br \/>\nPanneaux lat\u00e9raux avec des mousses insonoris\u00e9es pour un silence extr\u00eame<br \/>\nEntretient facile du filtre \u00e0 poussi\u00e8re avec un acc\u00e8s rapide<br \/>\nDesign \u00e9l\u00e9gant et simple avec des lignes \u00e9pur\u00e9es et un panneau avant \u00e0 finition miroir<\/p>\n","protected":false},"featured_media":13918,"template":"","meta":[],"product_cat":[118],"product_tag":[],"brands":[{"id":2902,"name":"Cooler Master","slug":"cooler-master"}],"_links":{"self":[{"href":"https:\/\/www.tuning-pc.com\/en\/wp-json\/wp\/v2\/product\/13912"}],"collection":[{"href":"https:\/\/www.tuning-pc.com\/en\/wp-json\/wp\/v2\/product"}],"about":[{"href":"https:\/\/www.tuning-pc.com\/en\/wp-json\/wp\/v2\/types\/product"}],"wp:featuredmedia":[{"embeddable":true,"href":"https:\/\/www.tuning-pc.com\/en\/wp-json\/wp\/v2\/media\/13918"}],"wp:attachment":[{"href":"https:\/\/www.tuning-pc.com\/en\/wp-json\/wp\/v2\/media?parent=13912"}],"wp:term":[{"taxonomy":"product_cat","embeddable":true,"href":"https:\/\/www.tuning-pc.com\/en\/wp-json\/wp\/v2\/product_cat?post=13912"},{"taxonomy":"product_tag","embeddable":true,"href":"https:\/\/www.tuning-pc.com\/en\/wp-json\/wp\/v2\/product_tag?post=13912"}],"curies":[{"name":"wp","href":"https:\/\/api.w.org\/{rel}","templated":true}]}}