{"id":13869,"date":"2018-09-07T12:49:27","date_gmt":"2018-09-07T10:49:27","guid":{"rendered":"https:\/\/www.tuning-pc.com\/?post_type=product&#038;p=13869"},"modified":"2021-02-24T21:19:39","modified_gmt":"2021-02-24T20:19:39","slug":"cooler-master-mastercase-h500p-mesh-tour-midi-vitre-blanche","status":"publish","type":"product","link":"https:\/\/www.tuning-pc.com\/en\/produit\/composants-pc\/composants-boitiers\/moyenne-tour\/cooler-master-mastercase-h500p-mesh-tour-midi-vitre-blanche\/","title":{"rendered":"Cooler Master MasterCase H500P Mesh Tour Midi vitre blanche"},"content":{"rendered":"<table id=\"spec01\" border=\"0\" cellspacing=\"0\" cellpadding=\"5\">\n<tbody>\n<tr>\n<td colspan=\"2\">roduct Name<\/td>\n<td>MasterCase H500P Mesh White<\/td>\n<\/tr>\n<tr>\n<td colspan=\"2\">Model Number<\/td>\n<td>MCM-H500P-WGNN-S00<\/td>\n<\/tr>\n<tr>\n<td colspan=\"2\">Available Color<\/td>\n<td>White<\/td>\n<\/tr>\n<tr>\n<td colspan=\"2\">Materials<\/td>\n<td>Outlook: Plastic, Steel Mesh<br \/>\nBody: Steel<br \/>\nSide panel: Tempered Glass, Steel<\/td>\n<\/tr>\n<tr>\n<td colspan=\"2\">Dimensions (LxWxH)<\/td>\n<td>544 x 242 x 542mm \/ 21.4 x 9.5 x 21.3 inch<\/td>\n<\/tr>\n<tr>\n<td colspan=\"2\">Motherboard Support<\/td>\n<td>Mini-ITX, Micro-ATX, ATX, E-ATX (support upto 12&#8243; x 10.7&#8243;)<\/td>\n<\/tr>\n<tr>\n<td colspan=\"2\">Expansion Slots<\/td>\n<td>7 + 2 (Support vertical graphics card installation)<\/td>\n<\/tr>\n<tr>\n<td rowspan=\"3\">Drive Bays<\/td>\n<td>5.25&#8243;<\/td>\n<td>0<\/td>\n<\/tr>\n<tr>\n<td>2.5&#8243; \/ 3.5&#8243;<\/td>\n<td>2<\/td>\n<\/tr>\n<tr>\n<td>2.5&#8243; SSD<\/td>\n<td>2 (Drive Bay support up to 5)<\/td>\n<\/tr>\n<tr>\n<td colspan=\"2\">I\/O Port<\/td>\n<td>USB 3.0 x 2<br \/>\nUSB 2.0 x 2<br \/>\nAudio In &#038; Out (supports HD Audio)<\/td>\n<\/tr>\n<tr>\n<td rowspan=\"2\">Pre-installed Fan(s)<\/td>\n<td>Front<\/td>\n<td>200 x 25mm RGB fan x 2, 800RPM<\/td>\n<\/tr>\n<tr>\n<td>Rear<\/td>\n<td>140 x 25mm fan x 1, 1200RPM<\/td>\n<\/tr>\n<tr>\n<td rowspan=\"3\">Fan Support<\/td>\n<td>Top<\/td>\n<td>120\/140mm fan x 3 or 200mm fan x 2<\/td>\n<\/tr>\n<tr>\n<td>Front<\/td>\n<td>120\/140mm fan x 3 or 200mm fan x 2<\/td>\n<\/tr>\n<tr>\n<td>Rear<\/td>\n<td>120\/140mm fan x 1<\/td>\n<\/tr>\n<tr>\n<td rowspan=\"3\">Liquid Cooling Support<\/td>\n<td>Top<\/td>\n<td>120mm, 140mm, 240mm, 280mm, 360mm (maximum thickness clearance 55mm)<\/td>\n<\/tr>\n<tr>\n<td>Front<\/td>\n<td>120mm, 140mm, 240mm, 280mm, 360mm<\/td>\n<\/tr>\n<tr>\n<td>Rear<\/td>\n<td>120mm, 140mm<\/td>\n<\/tr>\n<tr>\n<td rowspan=\"2\">Clearance<\/td>\n<td>CPU Cooler<\/td>\n<td>190mm \/ 7.5 inch<\/td>\n<\/tr>\n<tr>\n<td>GPU<\/td>\n<td>412mm \/ 16.2 inch<\/td>\n<\/tr>\n<tr>\n<td colspan=\"2\">Power Supply Support<\/td>\n<td>Bottom mount, ATX PS2<\/td>\n<\/tr>\n<tr>\n<td colspan=\"2\">EAN Code<\/td>\n<td>4719512068526<\/td>\n<\/tr>\n<tr>\n<td colspan=\"2\">UPC Code<\/td>\n<td>884102041037<\/td>\n<\/tr>\n<\/tbody>\n<\/table>\n","protected":false},"excerpt":{"rendered":"<p>Deux ventilateurs RGB de 200 mm derri\u00e8re le panneau avant de type mesh<br \/>\nMonture de carte graphique verticale<br \/>\nPanneau lat\u00e9ral en verre tremp\u00e9 teint\u00e9 gris clair<br \/>\nRefroidissement Liquide Pr\u00eat<br \/>\nContr\u00f4leur RGB et 1 \u00e0 3 c\u00e2ble r\u00e9partiteur pour ventilateurs LED RGB<\/p>\n","protected":false},"featured_media":13875,"template":"","meta":[],"product_cat":[118],"product_tag":[],"brands":[{"id":2902,"name":"Cooler Master","slug":"cooler-master"}],"_links":{"self":[{"href":"https:\/\/www.tuning-pc.com\/en\/wp-json\/wp\/v2\/product\/13869"}],"collection":[{"href":"https:\/\/www.tuning-pc.com\/en\/wp-json\/wp\/v2\/product"}],"about":[{"href":"https:\/\/www.tuning-pc.com\/en\/wp-json\/wp\/v2\/types\/product"}],"wp:featuredmedia":[{"embeddable":true,"href":"https:\/\/www.tuning-pc.com\/en\/wp-json\/wp\/v2\/media\/13875"}],"wp:attachment":[{"href":"https:\/\/www.tuning-pc.com\/en\/wp-json\/wp\/v2\/media?parent=13869"}],"wp:term":[{"taxonomy":"product_cat","embeddable":true,"href":"https:\/\/www.tuning-pc.com\/en\/wp-json\/wp\/v2\/product_cat?post=13869"},{"taxonomy":"product_tag","embeddable":true,"href":"https:\/\/www.tuning-pc.com\/en\/wp-json\/wp\/v2\/product_tag?post=13869"}],"curies":[{"name":"wp","href":"https:\/\/api.w.org\/{rel}","templated":true}]}}