{"id":13719,"date":"2018-09-06T11:51:59","date_gmt":"2018-09-06T09:51:59","guid":{"rendered":"https:\/\/www.tuning-pc.com\/?post_type=product&#038;p=13719"},"modified":"2021-02-24T21:19:46","modified_gmt":"2021-02-24T20:19:46","slug":"cooler-master-cosmos-ii-maxi-tour-pc-noir","status":"publish","type":"product","link":"https:\/\/www.tuning-pc.com\/en\/produit\/composants-pc\/composants-boitiers\/grande-tour\/cooler-master-cosmos-ii-maxi-tour-pc-noir\/","title":{"rendered":"Cooler Master COSMOS II Maxi Tour PC Noir"},"content":{"rendered":"<table class=\"tableSpecs\" border=\"1\" cellspacing=\"0\" cellpadding=\"5\">\n<tbody>\n<tr>\n<td width=\"23%\">Mod\u00e8le<\/td>\n<td width=\"77%\">RC-1200-KKN1<\/td>\n<\/tr>\n<tr>\n<td>Couleur disponible<\/td>\n<td>Noir Minuit<\/td>\n<\/tr>\n<tr>\n<td>Mat\u00e9riaux<\/td>\n<td>Ext\u00e9rieur : Aluminium, Grille, Synth\u00e9tiques;<br \/>\nInt\u00e9rieur : Alliage d&#8217;acier, Synth\u00e9tiques, Caoutchouc<\/td>\n<\/tr>\n<tr>\n<td>Dimensions (LxHxP)<\/td>\n<td>344 x 704 x 664 mm<\/td>\n<\/tr>\n<tr>\n<td>Poids<\/td>\n<td>22 kg<\/td>\n<\/tr>\n<tr>\n<td>Type C\/M<\/td>\n<td>microATX, ATX, E-ATX, XL-ATX, SSI CEB, SSI EEB<\/td>\n<\/tr>\n<tr>\n<td>Baies 5,25&#8243;<\/td>\n<td>3<\/td>\n<\/tr>\n<tr>\n<td>Baies 3,5&#8243;<\/td>\n<td>13 (2 sur le X-dock avec clefs de verrouillage, 5 DDs dans la cage du milieu, 6 DDs dans la cage du bas)<\/td>\n<\/tr>\n<tr>\n<td>Baies 2,5&#8243;<\/td>\n<td>11 (converties depuis les emplacements 3,5&#8243; des cages de DD)<\/td>\n<\/tr>\n<tr>\n<td>Tableau des E\/S<\/td>\n<td>USB 3.0 x 2, USB 2.0 x 4, e-SATA x 1, Audio E &#038; S<\/td>\n<\/tr>\n<tr>\n<td>Ports d&#8217;Extension<\/td>\n<td>10+1<\/td>\n<\/tr>\n<tr>\n<td>Syst\u00e8me de refroidissement<\/td>\n<td>Dessus : 1 vent. 120mm noir, 1200 RPM, 17 dBA<br \/>\n(ou 1 vent. 200mm \/ 2 vent. 140mm \/ 3 vent. 120mm)<br \/>\nFa\u00e7ade : 1 vent. 200mm \u00e0 LED, 700 RPM, 19 dBA(ou 1 vent. 120\/140mm)<br \/>\nArri\u00e8re : 1 vent. 140mm, 1200 RPM, 19 dBA<br \/>\nC\u00f4t\u00e9 : 2 vent. 120mm (optionnel)<br \/>\nDD milieu : 1 vent. 120x25mm (optionnel);<br \/>\nDD du bas : 2 vent. 120mm, 1200 RPM, 17 dBA<\/td>\n<\/tr>\n<tr>\n<td>Type d&#8217;alimentation<\/td>\n<td>ATX PS2 \/ EPS 12V<\/td>\n<\/tr>\n<tr>\n<td>Compatibilit\u00e9<\/td>\n<td>Hauteur Ventirad : 190mm<br \/>\nLongueur Carte VGA : 385mm<\/td>\n<\/tr>\n<\/tbody>\n<\/table>\n","protected":false},"excerpt":{"rendered":"<p>Le COSMOS II, une tour ultra, se caract\u00e9risant par un design tr\u00e8s rac\u00e9 accentu\u00e9 par une paire de poign\u00e9es en aluminium qui le distinguent parmi tous. Les portes lat\u00e9rales d&#8217;aluminium bross\u00e9 au touch\u00e9 tr\u00e8s doux, s&#8217;ouvrent toute grande \u00e0 l&#8217;image des portes papillons des plus belles voitures de sport<\/p>\n","protected":false},"featured_media":13722,"template":"","meta":[],"product_cat":[112],"product_tag":[],"brands":[{"id":2902,"name":"Cooler Master","slug":"cooler-master"}],"_links":{"self":[{"href":"https:\/\/www.tuning-pc.com\/en\/wp-json\/wp\/v2\/product\/13719"}],"collection":[{"href":"https:\/\/www.tuning-pc.com\/en\/wp-json\/wp\/v2\/product"}],"about":[{"href":"https:\/\/www.tuning-pc.com\/en\/wp-json\/wp\/v2\/types\/product"}],"wp:featuredmedia":[{"embeddable":true,"href":"https:\/\/www.tuning-pc.com\/en\/wp-json\/wp\/v2\/media\/13722"}],"wp:attachment":[{"href":"https:\/\/www.tuning-pc.com\/en\/wp-json\/wp\/v2\/media?parent=13719"}],"wp:term":[{"taxonomy":"product_cat","embeddable":true,"href":"https:\/\/www.tuning-pc.com\/en\/wp-json\/wp\/v2\/product_cat?post=13719"},{"taxonomy":"product_tag","embeddable":true,"href":"https:\/\/www.tuning-pc.com\/en\/wp-json\/wp\/v2\/product_tag?post=13719"}],"curies":[{"name":"wp","href":"https:\/\/api.w.org\/{rel}","templated":true}]}}