{"id":13700,"date":"2018-09-06T11:40:17","date_gmt":"2018-09-06T09:40:17","guid":{"rendered":"https:\/\/www.tuning-pc.com\/?post_type=product&#038;p=13700"},"modified":"2021-02-24T21:19:47","modified_gmt":"2021-02-24T20:19:47","slug":"cooler-master-cosmos-c700p-maxi-tour-noir-vitre","status":"publish","type":"product","link":"https:\/\/www.tuning-pc.com\/en\/produit\/composants-pc\/composants-boitiers\/grande-tour\/cooler-master-cosmos-c700p-maxi-tour-noir-vitre\/","title":{"rendered":"Cooler Master COSMOS C700P Maxi Tour Noir Vitre"},"content":{"rendered":"<table border=\"0\" width=\"95%\" cellspacing=\"0\" cellpadding=\"2\">\n<tbody>\n<tr>\n<td colspan=\"2\">Product Name<\/td>\n<td>COSMOS C700P<\/td>\n<\/tr>\n<tr>\n<td colspan=\"2\">Model Number<\/td>\n<td>MCC-C700P-MG5N-S00<\/td>\n<\/tr>\n<tr>\n<td colspan=\"2\">Available Color<\/td>\n<td>Gun Metal \/ Black<\/td>\n<\/tr>\n<tr>\n<td rowspan=\"3\">Materials<\/td>\n<td>Outlook<\/td>\n<td>Aluminum, Steel, Plastic<\/td>\n<\/tr>\n<tr>\n<td>Body<\/td>\n<td>Steel<\/td>\n<\/tr>\n<tr>\n<td>Side Panel<\/td>\n<td>Tempered Glass, Steel<\/td>\n<\/tr>\n<tr>\n<td colspan=\"2\">Dimensions (LxWxH)<\/td>\n<td>639 x 306 x 651mm<\/td>\n<\/tr>\n<tr>\n<td colspan=\"2\">Weight<\/td>\n<td>22.2 kg<\/td>\n<\/tr>\n<tr>\n<td colspan=\"2\">Motherboard Support<\/td>\n<td>Mini-ITX, Micro-ATX, ATX, E-ATX (Support 12&#8243; x 11&#8243;)<\/td>\n<\/tr>\n<tr>\n<td colspan=\"2\">Expansion Slots<\/td>\n<td>8<\/td>\n<\/tr>\n<tr>\n<td rowspan=\"3\">Drive Bays<\/td>\n<td>5.25&#8243;<\/td>\n<td>1<\/td>\n<\/tr>\n<tr>\n<td>2.5&#8243;\/3.5&#8243; HDD<\/td>\n<td>2<\/td>\n<\/tr>\n<tr>\n<td>2.5&#8243; SSD<\/td>\n<td>2<\/td>\n<\/tr>\n<tr>\n<td rowspan=\"3\">Drive Bays support<\/td>\n<td>5.25&#8243;<\/td>\n<td>2<\/td>\n<\/tr>\n<tr>\n<td>2.5&#8243;\/3.5&#8243; HDD<\/td>\n<td>8 or 9 (with ODD bay removed)<\/td>\n<\/tr>\n<tr>\n<td>2.5&#8243; SSD<\/td>\n<td>2<\/td>\n<\/tr>\n<tr>\n<td colspan=\"2\">I\/O Port<\/td>\n<td>USB 3.1 Gen 2 Type C x 1,<br \/>\nUSB 3.0 x 4,<br \/>\nFan Speed &#038; RGB control buttons,<br \/>\nAudio In \/ Out (supports HD Audio)<\/td>\n<\/tr>\n<tr>\n<td rowspan=\"2\">Pre-installed Fans<\/td>\n<td>Front<\/td>\n<td>140mm fan x 2, 1200RPM<\/td>\n<\/tr>\n<tr>\n<td>Rear<\/td>\n<td>140mm fan x 1, 1200RPM<\/td>\n<\/tr>\n<tr>\n<td rowspan=\"4\">Fan Support<\/td>\n<td>Top<\/td>\n<td>120\/140mm fan x 3<\/td>\n<\/tr>\n<tr>\n<td>Bottom*<\/td>\n<td>120\/140mm fan x 2<\/td>\n<\/tr>\n<tr>\n<td>Front<\/td>\n<td>120\/140mm fan x 3<\/td>\n<\/tr>\n<tr>\n<td>Rear<\/td>\n<td>120\/140mm fan x 1<\/td>\n<\/tr>\n<tr>\n<td rowspan=\"4\">Liquid Cooling Support<\/td>\n<td>Top<\/td>\n<td>120mm, 140mm, 240mm, 280mm, 360mm (requires removal of ODD cage)<\/td>\n<\/tr>\n<tr>\n<td>Bottom*<\/td>\n<td>120mm, 140mm, 240mm<\/td>\n<\/tr>\n<tr>\n<td>Front<\/td>\n<td>120mm, 140mm 240mm, 280mm, 360mm, 420mm (requires removal of ODD cage)<\/td>\n<\/tr>\n<tr>\n<td>Rear<\/td>\n<td>120mm, 140mm<\/td>\n<\/tr>\n<tr>\n<td rowspan=\"2\">Clearances<\/td>\n<td>CPU Cooler<\/td>\n<td>198mm<\/td>\n<\/tr>\n<tr>\n<td>GPU<\/td>\n<td>490mm (without 3.5&#8243; HDD cage)<br \/>\n320mm (with 3.5&#8243; HDD cage)<\/td>\n<\/tr>\n<tr>\n<td colspan=\"2\">Power Supply Support<\/td>\n<td>Bottom Mount,<br \/>\nATX PS2<\/td>\n<\/tr>\n<tr>\n<td colspan=\"2\">Lighting Support<\/td>\n<td>RGB Control Board x 1 (Cycle, Static, M\/B modes) to embedded lightings One RGB connection available<\/td>\n<\/tr>\n<tr>\n<td colspan=\"2\">EAN Code<\/td>\n<td>4719512063712<\/td>\n<\/tr>\n<tr>\n<td colspan=\"2\">UPC Code<\/td>\n<td>884102036392<\/td>\n<\/tr>\n<tr>\n<td colspan=\"2\">Note<\/td>\n<td>* Required additional cooling bracket<\/td>\n<\/tr>\n<\/tbody>\n<\/table>\n<p>Les \u00e9l\u00e9ments sur les photos (watercooling et composants) sont \u00e0 titre de pr\u00e9sentation et ne sont pas inclus dans le produit.<\/p>\n","protected":false},"excerpt":{"rendered":"<p>Les ch\u00e2ssis de la gamme COSMOS tirent leur nom de leur apparence ext\u00e9rieure unique et audacieuse, des mat\u00e9riaux de qualit\u00e9 utilis\u00e9s et du large espace int\u00e9rieur disponible pour assembler une \u00ab\u00a0machine de r\u00eave\u00a0\u00bb.<\/p>\n<p>Le mod\u00e8le COSMOS C700P est \u00e9quip\u00e9 des \u00e9l\u00e9ments embl\u00e9matiques du design de la gamme COSMOS comme les poign\u00e9es de transport en aluminium et combine ces attributs classiques avec\u00a0 des technologies innovantes et in\u00e9dites provenant du MasterConcept 2.0.<\/p>\n<p>Tout dans ce ch\u00e2ssis est \u00e0 la fois subtil et raffin\u00e9\u00a0: Les bandes RGB int\u00e9gr\u00e9es dans les zones sup\u00e9rieures et inf\u00e9rieures du boitier et les \u00e9l\u00e9ments en verre permettent \u00e0 ce mod\u00e8le de se distinguer sans le d\u00e9naturer. Le panneau lat\u00e9ral gauche est d\u00e9coup\u00e9 et courb\u00e9 \u00e0 partir de deux \u00e9l\u00e9ments en verre tremp\u00e9 \u00e9pais, un d\u00e9tail que seuls les produits de la gamme COSMOS offrent sur le march\u00e9 actuel.<\/p>\n","protected":false},"featured_media":13713,"template":"","meta":[],"product_cat":[112],"product_tag":[],"brands":[{"id":2902,"name":"Cooler Master","slug":"cooler-master"}],"_links":{"self":[{"href":"https:\/\/www.tuning-pc.com\/en\/wp-json\/wp\/v2\/product\/13700"}],"collection":[{"href":"https:\/\/www.tuning-pc.com\/en\/wp-json\/wp\/v2\/product"}],"about":[{"href":"https:\/\/www.tuning-pc.com\/en\/wp-json\/wp\/v2\/types\/product"}],"wp:featuredmedia":[{"embeddable":true,"href":"https:\/\/www.tuning-pc.com\/en\/wp-json\/wp\/v2\/media\/13713"}],"wp:attachment":[{"href":"https:\/\/www.tuning-pc.com\/en\/wp-json\/wp\/v2\/media?parent=13700"}],"wp:term":[{"taxonomy":"product_cat","embeddable":true,"href":"https:\/\/www.tuning-pc.com\/en\/wp-json\/wp\/v2\/product_cat?post=13700"},{"taxonomy":"product_tag","embeddable":true,"href":"https:\/\/www.tuning-pc.com\/en\/wp-json\/wp\/v2\/product_tag?post=13700"}],"curies":[{"name":"wp","href":"https:\/\/api.w.org\/{rel}","templated":true}]}}