{"id":13651,"date":"2018-09-05T18:13:35","date_gmt":"2018-09-05T16:13:35","guid":{"rendered":"https:\/\/www.tuning-pc.com\/?post_type=product&#038;p=13651"},"modified":"2021-02-24T21:19:49","modified_gmt":"2021-02-24T20:19:49","slug":"be-quiet-silent-base-800-tour-pc-window-noir","status":"publish","type":"product","link":"https:\/\/www.tuning-pc.com\/en\/produit\/composants-pc\/composants-boitiers\/moyenne-tour\/be-quiet-silent-base-800-tour-pc-window-noir\/","title":{"rendered":"be quiet! SILENT BASE 800 Tour PC Window Noir"},"content":{"rendered":"<table class=\"table table-sm table-hover has-no-border\">\n<tbody>\n<tr>\n<td class=\"table-label\">Mod\u00e8le<\/td>\n<td class=\"table-value\">Silent Base 800 | Window Black<\/td>\n<\/tr>\n<tr>\n<td class=\"table-label\">Facteur de forme de l\u2019alimentation<\/td>\n<td class=\"table-value\"><abbr tabindex=\"0\" title=\"\" data-toggle=\"tooltip\" data-placement=\"top\" data-module=\"Tooltip\" data-module-priority=\"low\" data-original-title=\"ATX stands for \"Advanced Technology Extended\". This is a norm that defines certain standards for casings, power supplies and mainboards in a computer. The current version for ATX power supplies is ATX v2.3. The ATX specifications for power supplies can be referenced in the \"Intel Power Supply Guide\".\">ATX<\/abbr>\u00a0PS\/2<\/td>\n<\/tr>\n<tr>\n<td class=\"table-label\">Compatibilit\u00e9 carte m\u00e8re<\/td>\n<td class=\"table-value\"><abbr tabindex=\"0\" title=\"\" data-toggle=\"tooltip\" data-placement=\"top\" data-module=\"Tooltip\" data-module-priority=\"low\" data-original-title=\"ATX stands for \"Advanced Technology Extended\". This is a norm that defines certain standards for casings, power supplies and mainboards in a computer. The current version for ATX power supplies is ATX v2.3. The ATX specifications for power supplies can be referenced in the \"Intel Power Supply Guide\".\">ATX<\/abbr>, Micro-<abbr tabindex=\"0\" title=\"\" data-toggle=\"tooltip\" data-placement=\"top\" data-module=\"Tooltip\" data-module-priority=\"low\" data-original-title=\"ATX stands for \"Advanced Technology Extended\". This is a norm that defines certain standards for casings, power supplies and mainboards in a computer. The current version for ATX power supplies is ATX v2.3. The ATX specifications for power supplies can be referenced in the \"Intel Power Supply Guide\".\">ATX<\/abbr>, Mini-ITX<\/td>\n<\/tr>\n<tr>\n<td class=\"table-label\">Dimensions du bo\u00eetier sans les pieds (L x h x p), (mm)<\/td>\n<td class=\"table-value\">495 x 230 x 542<\/td>\n<\/tr>\n<tr>\n<td class=\"table-label\">Installation des cartes m\u00e8res avec une backplate<\/td>\n<td class=\"table-value\">&#8211;<\/td>\n<\/tr>\n<tr>\n<td class=\"table-label\">Dimensions du bo\u00eetier avec les pieds (L x h x p), (mm)<\/td>\n<td class=\"table-value\">495 x 266 x 559<\/td>\n<\/tr>\n<tr>\n<td class=\"table-label\">Dimensions du panneau lat\u00e9ral vitr\u00e9 (L x l), (mm)<\/td>\n<td class=\"table-value\">460 x 438 x 22 \/ 325 x 325<\/td>\n<\/tr>\n<tr>\n<td class=\"table-label\">Options<\/td>\n<td class=\"table-value\">Black<\/td>\n<\/tr>\n<tr>\n<td class=\"table-label\">Poids (kg)<\/td>\n<td class=\"table-value\">9.31<\/td>\n<\/tr>\n<tr>\n<td class=\"table-label\">USB 2.0<\/td>\n<td class=\"table-value\">2<\/td>\n<\/tr>\n<tr>\n<td class=\"table-label\">USB 3.0<\/td>\n<td class=\"table-value\">2<\/td>\n<\/tr>\n<tr>\n<td class=\"table-label\">USB 3.1 Gen 2 Type C<\/td>\n<td class=\"table-value\">&#8211;<\/td>\n<\/tr>\n<tr>\n<td class=\"table-label\">HD Audio I\/O<\/td>\n<td class=\"table-value\">1<\/td>\n<\/tr>\n<tr>\n<td class=\"table-label\">Slots<\/td>\n<td class=\"table-value\">7<\/td>\n<\/tr>\n<tr>\n<td class=\"table-label\">Espace pour ventilateurs additionnels<\/td>\n<td class=\"table-value\">6<\/td>\n<\/tr>\n<tr>\n<td class=\"table-label\">Chargeur Qi \/ Option de chargement rapide<\/td>\n<td class=\"table-value\">&#8211;<\/td>\n<\/tr>\n<\/tbody>\n<\/table>\n<p>*les photos avec le mat\u00e9riel dans la tour sont \u00e0 titre de pr\u00e9sentation et les composants ne sont pas inclus.<\/p>\n","protected":false},"excerpt":{"rendered":"<h3>PERFORMANCE ET ERGONOMIE HORS DU COMMUN<\/h3>\n<p>Le bo\u00eetier Silent Base 800 noir version Window de be quiet! allie avec harmonie silence, ventilation, ergonomie et habitabilit\u00e9, pour les composants les plus haut de gamme.<\/p>\n<p>Une conception innovante associ\u00e9e \u00e0 l\u2019int\u00e9gration de Pure Wings 2, garantissent une excellente ventilation. Les nombreuses fonctionnalit\u00e9s antibruit, dont le double vitrage du panneau transparent, contribuent \u00e0 l\u2019acoustique irr\u00e9prochable du bo\u00eetier. Avec son syst\u00e8me de montage sans contrainte et sa gestion des c\u00e2bles intelligemment \u00e9tudi\u00e9e, le bo\u00eetier offre un confort de montage et une ergonomie r\u00e9ellement appr\u00e9ciables.<\/p>\n<p>Le Silent Base 800 noir version Window a \u00e9t\u00e9 con\u00e7u selon un principe fort : le design est au service de l\u2019utilisateur. Cela en fait un bo\u00eetier id\u00e9al pour les joueurs et les utilisateurs en qu\u00eate de silence.<\/p>\n","protected":false},"featured_media":13654,"template":"","meta":[],"product_cat":[118],"product_tag":[],"brands":[{"id":2923,"name":"be quiet!","slug":"be-quiet"}],"_links":{"self":[{"href":"https:\/\/www.tuning-pc.com\/en\/wp-json\/wp\/v2\/product\/13651"}],"collection":[{"href":"https:\/\/www.tuning-pc.com\/en\/wp-json\/wp\/v2\/product"}],"about":[{"href":"https:\/\/www.tuning-pc.com\/en\/wp-json\/wp\/v2\/types\/product"}],"wp:featuredmedia":[{"embeddable":true,"href":"https:\/\/www.tuning-pc.com\/en\/wp-json\/wp\/v2\/media\/13654"}],"wp:attachment":[{"href":"https:\/\/www.tuning-pc.com\/en\/wp-json\/wp\/v2\/media?parent=13651"}],"wp:term":[{"taxonomy":"product_cat","embeddable":true,"href":"https:\/\/www.tuning-pc.com\/en\/wp-json\/wp\/v2\/product_cat?post=13651"},{"taxonomy":"product_tag","embeddable":true,"href":"https:\/\/www.tuning-pc.com\/en\/wp-json\/wp\/v2\/product_tag?post=13651"}],"curies":[{"name":"wp","href":"https:\/\/api.w.org\/{rel}","templated":true}]}}