{"id":13569,"date":"2018-09-05T17:14:19","date_gmt":"2018-09-05T15:14:19","guid":{"rendered":"https:\/\/www.tuning-pc.com\/?post_type=product&#038;p=13569"},"modified":"2021-02-24T21:19:54","modified_gmt":"2021-02-24T20:19:54","slug":"be-quiet-dark-base-900-maxi-tour-pc-noir-argente","status":"publish","type":"product","link":"https:\/\/www.tuning-pc.com\/en\/produit\/composants-pc\/composants-boitiers\/grande-tour\/be-quiet-dark-base-900-maxi-tour-pc-noir-argente\/","title":{"rendered":"be quiet! DARK BASE 900 Maxi Tour PC Noir\/Argent\u00e9"},"content":{"rendered":"<table class=\"table table-sm table-hover has-no-border\">\n<tbody>\n<tr>\n<td class=\"table-label\">Mod\u00e8le<\/td>\n<td class=\"table-value\">Dark Base 900 | Silver<\/td>\n<\/tr>\n<tr>\n<td class=\"table-label\">Facteur de forme de l\u2019alimentation<\/td>\n<td class=\"table-value\"><abbr tabindex=\"0\" title=\"\" data-toggle=\"tooltip\" data-placement=\"top\" data-module=\"Tooltip\" data-module-priority=\"low\" data-original-title=\"ATX stands for \">ATX<\/abbr>\u00a0PS\/2<\/td>\n<\/tr>\n<tr>\n<td class=\"table-label\">Compatibilit\u00e9 carte m\u00e8re<\/td>\n<td class=\"table-value\">E-<abbr tabindex=\"0\" title=\"\" data-toggle=\"tooltip\" data-placement=\"top\" data-module=\"Tooltip\" data-module-priority=\"low\" data-original-title=\"ATX stands for \">ATX<\/abbr>, XL-<abbr tabindex=\"0\" title=\"\" data-toggle=\"tooltip\" data-placement=\"top\" data-module=\"Tooltip\" data-module-priority=\"low\" data-original-title=\"ATX stands for \">ATX<\/abbr>,\u00a0<abbr tabindex=\"0\" title=\"\" data-toggle=\"tooltip\" data-placement=\"top\" data-module=\"Tooltip\" data-module-priority=\"low\" data-original-title=\"ATX stands for \">ATX<\/abbr>, M-<abbr tabindex=\"0\" title=\"\" data-toggle=\"tooltip\" data-placement=\"top\" data-module=\"Tooltip\" data-module-priority=\"low\" data-original-title=\"ATX stands for \">ATX<\/abbr>, Mini-ITX<\/td>\n<\/tr>\n<tr>\n<td class=\"table-label\">Dimensions du bo\u00eetier sans les pieds (L x h x p), (mm)<\/td>\n<td class=\"table-value\">&#8211;<\/td>\n<\/tr>\n<tr>\n<td class=\"table-label\">Installation des cartes m\u00e8res avec une backplate<\/td>\n<td class=\"table-value\">\u2713<\/td>\n<\/tr>\n<tr>\n<td class=\"table-label\">Dimensions du bo\u00eetier avec les pieds (L x h x p), (mm)<\/td>\n<td class=\"table-value\">577 x 243 x 585<\/td>\n<\/tr>\n<tr>\n<td class=\"table-label\">Dimensions du panneau lat\u00e9ral vitr\u00e9 (L x l), (mm)<\/td>\n<td class=\"table-value\">&#8211;<\/td>\n<\/tr>\n<tr>\n<td class=\"table-label\">Options<\/td>\n<td class=\"table-value\">Silver<\/td>\n<\/tr>\n<tr>\n<td class=\"table-label\">Poids (kg)<\/td>\n<td class=\"table-value\">14.18<\/td>\n<\/tr>\n<tr>\n<td class=\"table-label\">USB 2.0<\/td>\n<td class=\"table-value\">2<\/td>\n<\/tr>\n<tr>\n<td class=\"table-label\">USB 3.0<\/td>\n<td class=\"table-value\">2<\/td>\n<\/tr>\n<tr>\n<td class=\"table-label\">USB 3.1 Gen 2 Type C<\/td>\n<td class=\"table-value\">&#8211;<\/td>\n<\/tr>\n<tr>\n<td class=\"table-label\">HD Audio I\/O<\/td>\n<td class=\"table-value\">1<\/td>\n<\/tr>\n<tr>\n<td class=\"table-label\">Slots<\/td>\n<td class=\"table-value\">8<\/td>\n<\/tr>\n<tr>\n<td class=\"table-label\">Espace pour ventilateurs additionnels<\/td>\n<td class=\"table-value\">12<\/td>\n<\/tr>\n<tr>\n<td class=\"table-label\">Chargeur Qi \/ Option de chargement rapide<\/td>\n<td class=\"table-value\">&#8211;<\/td>\n<\/tr>\n<\/tbody>\n<\/table>\n","protected":false},"excerpt":{"rendered":"<h3>FLEXIBILIT\u00c9 ET SILENCE HORS DU COMMUN<\/h3>\n<p>Le Dark Base 900 Black\/Argent\u00e9 sign\u00e9 be quiet!\u00a0est le bo\u00eetier parfait pour ceux qui veulent le meilleur en termes de modularit\u00e9, de compatibilit\u00e9 et de design.<\/p>\n<ul>\n<li>Plateau carte m\u00e8re d\u00e9montable avec possibilit\u00e9 de montage inverse<\/li>\n<li>Cages disques d\u00e9montables, pour adapter l\u2019espace int\u00e9rieur<\/li>\n<li>Trois ventilateurs PWM Silent Wings\u00a03 de 140 mm, virtuellement inaudibles<\/li>\n<li>Flux d\u2019air intelligent avec des a\u00e9rations isol\u00e9es tout autour du bo\u00eetier<\/li>\n<li>Supporte des radiateurs de watercooling jusqu\u2019\u00e0 420 mm sur quatre emplacements (dessus, fa\u00e7ade, arri\u00e8re, base)<\/li>\n<li>Garantie constructeur 3 ans<\/li>\n<li>Conception, design et contr\u00f4le qualit\u00e9 r\u00e9alis\u00e9s en Allemagne<\/li>\n<\/ul>\n","protected":false},"featured_media":13576,"template":"","meta":[],"product_cat":[112],"product_tag":[],"brands":[{"id":2923,"name":"be quiet!","slug":"be-quiet"}],"_links":{"self":[{"href":"https:\/\/www.tuning-pc.com\/en\/wp-json\/wp\/v2\/product\/13569"}],"collection":[{"href":"https:\/\/www.tuning-pc.com\/en\/wp-json\/wp\/v2\/product"}],"about":[{"href":"https:\/\/www.tuning-pc.com\/en\/wp-json\/wp\/v2\/types\/product"}],"wp:featuredmedia":[{"embeddable":true,"href":"https:\/\/www.tuning-pc.com\/en\/wp-json\/wp\/v2\/media\/13576"}],"wp:attachment":[{"href":"https:\/\/www.tuning-pc.com\/en\/wp-json\/wp\/v2\/media?parent=13569"}],"wp:term":[{"taxonomy":"product_cat","embeddable":true,"href":"https:\/\/www.tuning-pc.com\/en\/wp-json\/wp\/v2\/product_cat?post=13569"},{"taxonomy":"product_tag","embeddable":true,"href":"https:\/\/www.tuning-pc.com\/en\/wp-json\/wp\/v2\/product_tag?post=13569"}],"curies":[{"name":"wp","href":"https:\/\/api.w.org\/{rel}","templated":true}]}}