{"id":12618,"date":"2018-08-21T13:18:50","date_gmt":"2018-08-21T11:18:50","guid":{"rendered":"https:\/\/www.tuning-pc.com\/?post_type=product&#038;p=12618"},"modified":"2021-02-24T21:22:37","modified_gmt":"2021-02-24T20:22:37","slug":"logitech-extreme-3d-pro-joystick","status":"publish","type":"product","link":"https:\/\/www.tuning-pc.com\/en\/produit\/gaming\/gaming-joystick\/logitech-extreme-3d-pro-joystick\/","title":{"rendered":"Logitech Extreme 3D Pro Joystick"},"content":{"rendered":"<h5 class=\"dark-grey\">NUM\u00c9RO DE PI\u00c8CE<\/h5>\n<dl>\n<dd>Noir: 942-000031<\/dd>\n<\/dl>\n<h5 class=\"dark-grey\">INFORMATIONS SUR LA GARANTIE<\/h5>\n<dl>\n<dd>3\u00a0ans de garantie mat\u00e9rielle limit\u00e9e<\/dd>\n<\/dl>\n<h5>CONFIGURATION REQUISE<\/h5>\n<dl>\n<dd>Windows\u00ae\u00a08, Windows\u00a07 ou Windows Vista\u00ae<br \/>\n70\u00a0Mo d&#8217;espace disque disponible<br \/>\nPort USB<br \/>\nConnexion Internet pour le t\u00e9l\u00e9chargement des logiciels facultatifs<\/dd>\n<\/dl>\n<p>&nbsp;<\/p>\n","protected":false},"excerpt":{"rendered":"<p>Avec ses commandes avanc\u00e9es et sa gouverne \u00e0 manche rotatif, ce joystick reste stable et pr\u00e9cis, qu&#8217;il s&#8217;agisse de livrer un combat a\u00e9rien acrobatique ou d&#8217;effectuer une attaque \u00e0 distance.<\/p>\n","protected":false},"featured_media":12619,"template":"","meta":[],"product_cat":[45],"product_tag":[],"brands":[{"id":2904,"name":"Logitech","slug":"logitech"}],"_links":{"self":[{"href":"https:\/\/www.tuning-pc.com\/en\/wp-json\/wp\/v2\/product\/12618"}],"collection":[{"href":"https:\/\/www.tuning-pc.com\/en\/wp-json\/wp\/v2\/product"}],"about":[{"href":"https:\/\/www.tuning-pc.com\/en\/wp-json\/wp\/v2\/types\/product"}],"wp:featuredmedia":[{"embeddable":true,"href":"https:\/\/www.tuning-pc.com\/en\/wp-json\/wp\/v2\/media\/12619"}],"wp:attachment":[{"href":"https:\/\/www.tuning-pc.com\/en\/wp-json\/wp\/v2\/media?parent=12618"}],"wp:term":[{"taxonomy":"product_cat","embeddable":true,"href":"https:\/\/www.tuning-pc.com\/en\/wp-json\/wp\/v2\/product_cat?post=12618"},{"taxonomy":"product_tag","embeddable":true,"href":"https:\/\/www.tuning-pc.com\/en\/wp-json\/wp\/v2\/product_tag?post=12618"}],"curies":[{"name":"wp","href":"https:\/\/api.w.org\/{rel}","templated":true}]}}