{"id":12433,"date":"2018-08-20T17:10:52","date_gmt":"2018-08-20T15:10:52","guid":{"rendered":"https:\/\/www.tuning-pc.com\/?post_type=product&#038;p=12433"},"modified":"2021-02-24T21:22:40","modified_gmt":"2021-02-24T20:22:40","slug":"roccat-alumic-tapis-de-souris-gaming-double-face","status":"publish","type":"product","link":"https:\/\/www.tuning-pc.com\/en\/produit\/gaming\/gaming-tapis-souris\/roccat-alumic-tapis-de-souris-gaming-double-face\/","title":{"rendered":"ROCCAT ALUMIC tapis de souris gaming double face"},"content":{"rendered":"<p>Vous recherchez depuis longtemps un tapis de jeu capable d\u2019allier confort et haute performance\u00a0? Vous venez de le trouver\u00a0! Le tapis de souris ROCCAT\u00ae Alumic pr\u00e9sente deux textures tr\u00e8s diff\u00e9rentes afin de r\u00e9pondre parfaitement aussi bien aux attentes des joueurs \u00ab low sense \u00bb que \u00ab high sense \u00bb. Chaque surface pr\u00e9sente \u00e9galement un design diff\u00e9rent. Con\u00e7u en aluminium haute qualit\u00e9, le ROCCAT\u00ae Alumic offre une stabilit\u00e9 maximale et une dur\u00e9e de vie sans commune mesure. Il est \u00e9galement \u00e9quip\u00e9 de pieds extra larges antid\u00e9rapants et d\u2019un repose-poignet en gel amovible.<\/p>\n<div class=\"TechSpecs-4\">DIMENSIONS \/ POIDS<\/div>\n<div class=\"TechSpecs-5\">Largeur 33.1 cm\u00a0,\u00a0Hauteur 0.3 cm\u00a0,\u00a0Longueur 27.2 cm<\/div>\n<div><\/div>\n<div><iframe  id=\"_ytid_36503\"  width=\"640\" height=\"360\"  data-origwidth=\"640\" data-origheight=\"360\" src=\"https:\/\/www.youtube.com\/embed\/nZXeelR-OQQ?enablejsapi=1&autoplay=0&cc_load_policy=0&cc_lang_pref=&iv_load_policy=1&loop=0&rel=1&fs=1&playsinline=0&autohide=2&theme=dark&color=red&controls=1&\" class=\"__youtube_prefs__  no-lazyload\" title=\"YouTube player\"  allow=\"accelerometer; autoplay; clipboard-write; encrypted-media; gyroscope; picture-in-picture\" allowfullscreen data-no-lazy=\"1\" data-skipgform_ajax_framebjll=\"\"><\/iframe><\/div>\n<div>source: https:\/\/www.roccat.org<\/div>\n<p>&nbsp;<\/p>\n","protected":false},"excerpt":{"rendered":"<p>Vous recherchez depuis longtemps un tapis de jeu capable d\u2019allier confort et haute performance\u00a0? Vous venez de le trouver\u00a0! Le tapis de souris ROCCAT\u00ae Alumic pr\u00e9sente deux textures tr\u00e8s diff\u00e9rentes afin de r\u00e9pondre parfaitement aussi bien aux attentes des joueurs<a class=\"main-btn main-btn-primary main-btn-small moretag\" href=\"https:\/\/www.tuning-pc.com\/en\/produit\/gaming\/gaming-tapis-souris\/roccat-alumic-tapis-de-souris-gaming-double-face\/\"> Read More<\/a><\/p>\n","protected":false},"featured_media":12436,"template":"","meta":[],"product_cat":[39],"product_tag":[],"brands":[{"id":2896,"name":"Roccat","slug":"roccat"}],"_links":{"self":[{"href":"https:\/\/www.tuning-pc.com\/en\/wp-json\/wp\/v2\/product\/12433"}],"collection":[{"href":"https:\/\/www.tuning-pc.com\/en\/wp-json\/wp\/v2\/product"}],"about":[{"href":"https:\/\/www.tuning-pc.com\/en\/wp-json\/wp\/v2\/types\/product"}],"wp:featuredmedia":[{"embeddable":true,"href":"https:\/\/www.tuning-pc.com\/en\/wp-json\/wp\/v2\/media\/12436"}],"wp:attachment":[{"href":"https:\/\/www.tuning-pc.com\/en\/wp-json\/wp\/v2\/media?parent=12433"}],"wp:term":[{"taxonomy":"product_cat","embeddable":true,"href":"https:\/\/www.tuning-pc.com\/en\/wp-json\/wp\/v2\/product_cat?post=12433"},{"taxonomy":"product_tag","embeddable":true,"href":"https:\/\/www.tuning-pc.com\/en\/wp-json\/wp\/v2\/product_tag?post=12433"}],"curies":[{"name":"wp","href":"https:\/\/api.w.org\/{rel}","templated":true}]}}