{"id":10413,"date":"2018-08-14T11:24:40","date_gmt":"2018-08-14T09:24:40","guid":{"rendered":"https:\/\/www.tuning-pc.com\/?post_type=product&#038;p=10413"},"modified":"2018-08-14T13:54:48","modified_gmt":"2018-08-14T11:54:48","slug":"nzxt-h200-fenetre","status":"publish","type":"product","link":"https:\/\/www.tuning-pc.com\/en\/produit\/composants-pc\/composants-boitiers\/moyenne-tour\/nzxt-h200-fenetre\/","title":{"rendered":"NZXT H200 Fen\u00eatre verre tremp\u00e9 Tour"},"content":{"rendered":"<p>La tour Corsair H200 permet l&#8217;installation facile d&#8217;un syst\u00e8me de watercooling<\/p>\n","protected":false},"excerpt":{"rendered":"<p>La tour Corsair H200 permet l&#8217;installation facile d&#8217;un syst\u00e8me de watercooling<\/p>\n","protected":false},"featured_media":10422,"template":"","meta":[],"product_cat":[118],"product_tag":[],"brands":[{"id":2783,"name":"NZXT","slug":"nzxt"}],"_links":{"self":[{"href":"https:\/\/www.tuning-pc.com\/en\/wp-json\/wp\/v2\/product\/10413"}],"collection":[{"href":"https:\/\/www.tuning-pc.com\/en\/wp-json\/wp\/v2\/product"}],"about":[{"href":"https:\/\/www.tuning-pc.com\/en\/wp-json\/wp\/v2\/types\/product"}],"wp:featuredmedia":[{"embeddable":true,"href":"https:\/\/www.tuning-pc.com\/en\/wp-json\/wp\/v2\/media\/10422"}],"wp:attachment":[{"href":"https:\/\/www.tuning-pc.com\/en\/wp-json\/wp\/v2\/media?parent=10413"}],"wp:term":[{"taxonomy":"product_cat","embeddable":true,"href":"https:\/\/www.tuning-pc.com\/en\/wp-json\/wp\/v2\/product_cat?post=10413"},{"taxonomy":"product_tag","embeddable":true,"href":"https:\/\/www.tuning-pc.com\/en\/wp-json\/wp\/v2\/product_tag?post=10413"}],"curies":[{"name":"wp","href":"https:\/\/api.w.org\/{rel}","templated":true}]}}