{"id":10292,"date":"2018-08-08T15:23:13","date_gmt":"2018-08-08T13:23:13","guid":{"rendered":"https:\/\/www.tuning-pc.com\/?post_type=product&#038;p=10292"},"modified":"2018-08-08T15:23:13","modified_gmt":"2018-08-08T13:23:13","slug":"noctua-nh-d14-se2011","status":"publish","type":"product","link":"https:\/\/www.tuning-pc.com\/en\/produit\/air-cooling\/refroidissement-cpu-air\/noctua-nh-d14-se2011\/","title":{"rendered":"Noctua NH-D14 SE2011"},"content":{"rendered":"<div>Compatibilit\u00e9 du socle Intel LGA2011<\/div>\n<div>Hauteur (ventilateur non compris) 160 mm<\/div>\n<div>Largeur (ventilateur non compris) 140 mm<\/div>\n<div>Profondeur (ventilateur non compris) 130 mm<\/div>\n<div>Hauteur (ventilateur compris) 160 mm<\/div>\n<div>Largeur (ventilateur compris) 140 mm<\/div>\n<div>Profondeur (ventilateur compris) 158 mm<\/div>\n<div>Poids (ventilateur non compris) 900 g<\/div>\n<div>Poids (ventilateur compris) 1070\/1240* g<\/div>\n<div>Mat\u00e9riau cuivre (fond et caloducs), aluminium (plaques de refroidissement), soud\u00e9 &#038; nickel\u00e9<\/div>\n<div>Dimensions du ventilateur 140x140x25 &#038; 120x120x25mm<\/div>\n<div>Volume de livraison<\/div>\n<div>1x NF-P14 PWM premium fan<\/div>\n<div>1x NF-P12 PWM premium fan<\/div>\n<div>2x Low-Noise Adaptor (L.N.A.)<\/div>\n<div>Y-Split Cable<\/div>\n<div>4x Vibration-Compensators (for using NF-P12 as case fan)<\/div>\n<div>4x Fan screws (for using NF-P12 as case fan)<\/div>\n<div>NT-H1 high-grade thermal compound<\/div>\n<div>SecuFirm2&#x2122; Mounting Kit for LGA2011<\/div>\n<div>Noctua Metal Case-Badge<\/div>\n<div>Garantie 6 ans<\/div>\n<div><\/div>\n<div><\/div>\n<div>Ventilateur<\/div>\n<div>Mod\u00e8le Noctua NF-P14 PWM &#038; Noctua NF-P12 PWM<\/div>\n<div>Type roulements SSO-Bearing<\/div>\n<div>Vitesse de rotation max. (+\/-10%) 1200 \/ 1300 RPM<\/div>\n<div>Vitesse de rotation avec L.N.A. max. (+\/-10%) 900 \/ 900 RPM<\/div>\n<div>Vitesse de rotation min. (PWM) 300 \/ 300 RPM<\/div>\n<div>D\u00e9bit d&#8217;air max. 110,3 \/ 92,3 m\u00b3\/h<\/div>\n<div>D\u00e9bit d&#8217;air avec L.N.A. max. 83,7 \/ 63,4 m\u00b3\/h<\/div>\n<div>Niveau sonore max. 19,6 \/ 19,8 dB(A)<\/div>\n<div>Niveau sonore avec L.N.A. max. 13,2 \/ 12,6 dB(A)<\/div>\n<div>Puissance consomm\u00e9e 0,96 \/ 0,6 W<\/div>\n<div>Tension 12 V<\/div>\n<div>MTBF > 150.000 h<\/div>\n","protected":false},"excerpt":{"rendered":"<p>Compatibilit\u00e9 du socle Intel LGA2011 Hauteur (ventilateur non compris) 160 mm Largeur (ventilateur non compris) 140 mm Profondeur (ventilateur non compris) 130 mm Hauteur (ventilateur compris) 160 mm Largeur (ventilateur compris) 140 mm Profondeur (ventilateur compris) 158 mm Poids (ventilateur<a class=\"main-btn main-btn-primary main-btn-small moretag\" href=\"https:\/\/www.tuning-pc.com\/en\/produit\/air-cooling\/refroidissement-cpu-air\/noctua-nh-d14-se2011\/\"> Read More<\/a><\/p>\n","protected":false},"featured_media":10293,"template":"","meta":[],"product_cat":[44],"product_tag":[],"brands":[],"_links":{"self":[{"href":"https:\/\/www.tuning-pc.com\/en\/wp-json\/wp\/v2\/product\/10292"}],"collection":[{"href":"https:\/\/www.tuning-pc.com\/en\/wp-json\/wp\/v2\/product"}],"about":[{"href":"https:\/\/www.tuning-pc.com\/en\/wp-json\/wp\/v2\/types\/product"}],"wp:featuredmedia":[{"embeddable":true,"href":"https:\/\/www.tuning-pc.com\/en\/wp-json\/wp\/v2\/media\/10293"}],"wp:attachment":[{"href":"https:\/\/www.tuning-pc.com\/en\/wp-json\/wp\/v2\/media?parent=10292"}],"wp:term":[{"taxonomy":"product_cat","embeddable":true,"href":"https:\/\/www.tuning-pc.com\/en\/wp-json\/wp\/v2\/product_cat?post=10292"},{"taxonomy":"product_tag","embeddable":true,"href":"https:\/\/www.tuning-pc.com\/en\/wp-json\/wp\/v2\/product_tag?post=10292"}],"curies":[{"name":"wp","href":"https:\/\/api.w.org\/{rel}","templated":true}]}}